{"id":110,"date":"2016-01-16T05:16:48","date_gmt":"2016-01-16T05:16:48","guid":{"rendered":"http:\/\/demo.thembay.com\/megabuy2\/?page_id=110"},"modified":"2020-05-11T23:21:30","modified_gmt":"2020-05-11T21:21:30","slug":"home-2","status":"publish","type":"page","link":"https:\/\/persocustom.com\/en\/","title":{"rendered":"Home"},"content":{"rendered":"<div class=\"vc_row wpb_row vc_row-fluid vc_custom_1585839325560\"><div class=\"wpb_column vc_column_container vc_col-sm-4\"><div class=\"vc_column-inner\"><div class=\"wpb_wrapper\"><div class=\"wpb_single_image tbay-addon wpb_content_element vc_align_center\">\r\n\t\t\r\n\t\t<figure class=\"wpb_wrapper vc_figure\">\r\n\t\t\t<a href=\"https:\/\/persocustom.com\/en\/product\/mybabypuzz\/\" target=\"_self\" class=\"vc_single_image-wrapper    vc_box_border_grey\"><img decoding=\"async\" src=\"https:\/\/persocustom.com\/wp-content\/uploads\/2020\/04\/mybabypuzz-3.jpg\" class=\"vc_single_image-img\" alt=\"\" \/><\/a><figcaption class=\"vc_figure-caption\">&quot;MyBabyPuzz&quot; - Personalized Montessori puzzle<\/figcaption>\r\n\t\t<\/figure>\r\n\t<\/div><\/div><\/div><\/div><div class=\"wpb_column vc_column_container vc_col-sm-4\"><div class=\"vc_column-inner\"><div class=\"wpb_wrapper\"><div class=\"wpb_single_image tbay-addon wpb_content_element vc_align_center\">\r\n\t\t\r\n\t\t<figure class=\"wpb_wrapper vc_figure\">\r\n\t\t\t<a href=\"https:\/\/persocustom.com\/en\/product\/puzzle-en-bois-personnalise-myeasypuzz\/\" target=\"_self\" class=\"vc_single_image-wrapper    vc_box_border_grey\"><img decoding=\"async\" src=\"https:\/\/persocustom.com\/wp-content\/uploads\/2020\/04\/easypuzz-1.jpg\" class=\"vc_single_image-img\" alt=\"\" \/><\/a><figcaption class=\"vc_figure-caption\">&quot;MyEasyPuzz&quot; - Simple personalized puzzle<\/figcaption>\r\n\t\t<\/figure>\r\n\t<\/div><\/div><\/div><\/div><div class=\"wpb_column vc_column_container vc_col-sm-4\"><div class=\"vc_column-inner\"><div class=\"wpb_wrapper\"><div class=\"wpb_single_image tbay-addon wpb_content_element vc_align_center\">\r\n\t\t\r\n\t\t<figure class=\"wpb_wrapper vc_figure\">\r\n\t\t\t<a href=\"https:\/\/persocustom.com\/en\/product\/collier-personnalise-mylovetree\/\" target=\"_self\" class=\"vc_single_image-wrapper    vc_box_border_grey\"><img decoding=\"async\" src=\"https:\/\/persocustom.com\/wp-content\/uploads\/2020\/05\/collier-par-4.jpg\" class=\"vc_single_image-img\" alt=\"\" \/><\/a><figcaption class=\"vc_figure-caption\">&quot;MyLoveTree&quot; - The personalized love necklace<\/figcaption>\r\n\t\t<\/figure>\r\n\t<\/div><\/div><\/div><\/div><\/div><div class=\"vc_row wpb_row vc_row-fluid\"><div class=\"wpb_column vc_column_container vc_col-sm-6\"><div class=\"vc_column-inner\"><div class=\"wpb_wrapper\"><div class=\"wpb_single_image tbay-addon wpb_content_element vc_align_center\">\r\n\t\t\r\n\t\t<figure class=\"wpb_wrapper vc_figure\">\r\n\t\t\t<a href=\"https:\/\/persocustom.com\/en\/product\/lampe-galaxie-3d-multicolore\/\" target=\"_self\" class=\"vc_single_image-wrapper    vc_box_border_grey\"><img decoding=\"async\" src=\"https:\/\/persocustom.com\/wp-content\/uploads\/2020\/05\/MyGalaxyLamp-9.jpg\" class=\"vc_single_image-img\" alt=\"\" \/><\/a><figcaption class=\"vc_figure-caption\">&quot;MyGalaxyLamp&quot; - The 3D lamp with 16 colors<\/figcaption>\r\n\t\t<\/figure>\r\n\t<\/div><\/div><\/div><\/div><div class=\"wpb_column vc_column_container vc_col-sm-6\"><div class=\"vc_column-inner\"><div class=\"wpb_wrapper\"><div class=\"wpb_single_image tbay-addon wpb_content_element vc_align_center\">\r\n\t\t\r\n\t\t<figure class=\"wpb_wrapper vc_figure\">\r\n\t\t\t<a href=\"https:\/\/persocustom.com\/en\/product\/bebe-souvenir-empreinte-mybabyfootprint\/\" target=\"_self\" class=\"vc_single_image-wrapper    vc_box_border_grey\"><img decoding=\"async\" src=\"https:\/\/persocustom.com\/wp-content\/uploads\/2020\/05\/Mybabyfootprint-BLEU-2.jpg\" class=\"vc_single_image-img\" alt=\"\" \/><\/a><figcaption class=\"vc_figure-caption\">&quot;MyBabyFootprint&quot; - Baby footprint box<\/figcaption>\r\n\t\t<\/figure>\r\n\t<\/div><\/div><\/div><\/div><\/div><div class=\"vc_row wpb_row vc_row-fluid vc_custom_1585826090679\"><div class=\"wpb_column vc_column_container vc_col-sm-12\"><div class=\"vc_column-inner\"><div class=\"wpb_wrapper\">\t<div class=\"tbay-addon tbay-addon-features  wpb_animate_when_almost_visible wpb_bounceInRight bounceInRight\">\r\n\r\n        \r\n        <div class=\"tbay-addon-content\">\r\n\r\n\t\t    <div class=\"row grid\" data-xlgdesktop=\"4\" data-desktop=\"4\" data-desktopsmall=\"4\" data-tablet=\"4\" data-landscape=\"2\" data-mobile=\"2\">\r\n\r\n\t\t\t\t\r\n\t\t\t\t\t<div class=\"feature-box\">\r\n\t\t\t\t\t\t<div class=\"inner\">\r\n\t\t\t\t\t\t\t\t\t\t\t\t\t\t\t\t\t\t\t\t        <div class=\"fbox-icon\">\r\n\t\t\t\t\t\t        \t<div class=\"icon-inner\">\r\n\t\t\t\t\t\t            \t<i class=\"linear-icon-truck\"><\/i>\r\n\t\t\t\t\t\t            <\/div>\r\n\t\t\t\t\t\t        <\/div>\r\n\t\t\t\t\t\t    \t\t\t\t\t\t    <div class=\"fbox-content\">  \r\n\t\t\t\t\t\t        \t\t\t\t\t\t        \t<h3 class=\"ourservice-heading\">Free delivery<\/h3>   \r\n\t\t\t\t\t\t        \t\t\t\t\t\t                             \r\n\t\t\t\t\t\t        \t\t\t\t\t\t            <p class=\"description\">No minimum order !<\/p>  \r\n\t\t\t\t\t\t        \r\n\t\t\t\t\t\t        \t\t\t\t\t\t    <\/div>\r\n\t\t\t\t\t\t<\/div>      \r\n\t\t\t\t\t<\/div>\r\n\t\t\t\t\r\n\t\t\t\t\t<div class=\"feature-box\">\r\n\t\t\t\t\t\t<div class=\"inner\">\r\n\t\t\t\t\t\t\t\t\t\t\t\t\t\t\t\t\t\t\t\t        <div class=\"fbox-icon\">\r\n\t\t\t\t\t\t        \t<div class=\"icon-inner\">\r\n\t\t\t\t\t\t            \t<i class=\"linear-icon-gift\"><\/i>\r\n\t\t\t\t\t\t            <\/div>\r\n\t\t\t\t\t\t        <\/div>\r\n\t\t\t\t\t\t    \t\t\t\t\t\t    <div class=\"fbox-content\">  \r\n\t\t\t\t\t\t        \t\t\t\t\t\t        \t<h3 class=\"ourservice-heading\">Personalized Gift<\/h3>   \r\n\t\t\t\t\t\t        \t\t\t\t\t\t                             \r\n\t\t\t\t\t\t        \t\t\t\t\t\t            <p class=\"description\">Made to order<\/p>  \r\n\t\t\t\t\t\t        \r\n\t\t\t\t\t\t        \t\t\t\t\t\t    <\/div>\r\n\t\t\t\t\t\t<\/div>      \r\n\t\t\t\t\t<\/div>\r\n\t\t\t\t\r\n\t\t\t\t\t<div class=\"feature-box\">\r\n\t\t\t\t\t\t<div class=\"inner\">\r\n\t\t\t\t\t\t\t\t\t\t\t\t\t\t\t\t\t\t\t\t        <div class=\"fbox-icon\">\r\n\t\t\t\t\t\t        \t<div class=\"icon-inner\">\r\n\t\t\t\t\t\t            \t<i class=\"linear-icon-bubble-dots\"><\/i>\r\n\t\t\t\t\t\t            <\/div>\r\n\t\t\t\t\t\t        <\/div>\r\n\t\t\t\t\t\t    \t\t\t\t\t\t    <div class=\"fbox-content\">  \r\n\t\t\t\t\t\t        \t\t\t\t\t\t        \t<h3 class=\"ourservice-heading\">French and English Team<\/h3>   \r\n\t\t\t\t\t\t        \t\t\t\t\t\t                             \r\n\t\t\t\t\t\t        \t\t\t\t\t\t            <p class=\"description\">Contact us by LiveChat, or Mmail<\/p>  \r\n\t\t\t\t\t\t        \r\n\t\t\t\t\t\t        \t\t\t\t\t\t    <\/div>\r\n\t\t\t\t\t\t<\/div>      \r\n\t\t\t\t\t<\/div>\r\n\t\t\t\t\r\n\t\t\t\t\t<div class=\"feature-box\">\r\n\t\t\t\t\t\t<div class=\"inner\">\r\n\t\t\t\t\t\t\t\t\t\t\t\t\t\t\t\t\t\t\t\t        <div class=\"fbox-icon\">\r\n\t\t\t\t\t\t        \t<div class=\"icon-inner\">\r\n\t\t\t\t\t\t            \t<i class=\"linear-icon-baby\"><\/i>\r\n\t\t\t\t\t\t            <\/div>\r\n\t\t\t\t\t\t        <\/div>\r\n\t\t\t\t\t\t    \t\t\t\t\t\t    <div class=\"fbox-content\">  \r\n\t\t\t\t\t\t        \t\t\t\t\t\t        \t<h3 class=\"ourservice-heading\">For All Events<\/h3>   \r\n\t\t\t\t\t\t        \t\t\t\t\t\t                             \r\n\t\t\t\t\t\t        \t\t\t\t\t\t            <p class=\"description\">Baby shower, birthday, wedding, birth, Ramadan &amp; A\u00efd, etc.<\/p>  \r\n\t\t\t\t\t\t        \r\n\t\t\t\t\t\t        \t\t\t\t\t\t    <\/div>\r\n\t\t\t\t\t\t<\/div>      \r\n\t\t\t\t\t<\/div>\r\n\t\t\t\t\t\t\t<\/div>\r\n\t\t<\/div>\r\n\t<\/div>\r\n<\/div><\/div><\/div><\/div>","protected":false},"excerpt":{"rendered":"\"MyBabyPuzz\" - Puzzle personnalis\u00e9 Montessori \"MyEasyPuzz\" - Puzzle personnalis\u00e9 simple \"MyLoveTree\" - Le collier d'amour personnalis\u00e9 \"MyGalaxyLamp\" - La lampe 3D \u00e0 16 couleurs \"MyBabyFootprint\" - Bo\u00eete \u00e0 empreinte b\u00e9b\u00e9 Livraison gratuite Sans minimum de commande Cadeaux uniques Personnalis\u00e9s et fabriqu\u00e9s \u00e0 la commande Service Client Fran\u00e7ais Par Live Chat, ou par mail Pour tous &hellip; <a href=\"https:\/\/persocustom.com\/en\/\" class=\"more-link\">Continue reading <span class=\"screen-reader-text\">Home<\/span><\/a>","protected":false},"author":2,"featured_media":0,"parent":0,"menu_order":0,"comment_status":"closed","ping_status":"closed","template":"","meta":{"footnotes":""},"class_list":["post-110","page","type-page","status-publish","hentry"],"yoast_head":"<!-- This site is optimized with the Yoast SEO plugin v27.3 - https:\/\/yoast.com\/product\/yoast-seo-wordpress\/ -->\n<title>Home - Cadeau personnalis\u00e9<\/title>\n<meta name=\"robots\" content=\"index, follow, max-snippet:-1, max-image-preview:large, max-video-preview:-1\" \/>\n<link rel=\"canonical\" href=\"https:\/\/persocustom.com\/en\/\" \/>\n<meta property=\"og:locale\" content=\"en_US\" \/>\n<meta property=\"og:type\" content=\"article\" \/>\n<meta property=\"og:title\" content=\"Home - Cadeau personnalis\u00e9\" \/>\n<meta property=\"og:url\" content=\"https:\/\/persocustom.com\/en\/\" \/>\n<meta property=\"og:site_name\" content=\"Cadeau personnalis\u00e9\" \/>\n<meta property=\"article:modified_time\" content=\"2020-05-11T21:21:30+00:00\" \/>\n<meta name=\"twitter:card\" content=\"summary_large_image\" \/>\n<meta name=\"twitter:label1\" content=\"Est. reading time\" \/>\n\t<meta name=\"twitter:data1\" content=\"1 minute\" \/>\n<script type=\"application\/ld+json\" class=\"yoast-schema-graph\">{\"@context\":\"https:\\\/\\\/schema.org\",\"@graph\":[{\"@type\":\"WebPage\",\"@id\":\"https:\\\/\\\/persocustom.com\\\/\",\"url\":\"https:\\\/\\\/persocustom.com\\\/\",\"name\":\"Home - Cadeau personnalis\u00e9\",\"isPartOf\":{\"@id\":\"https:\\\/\\\/persocustom.com\\\/#website\"},\"datePublished\":\"2016-01-16T05:16:48+00:00\",\"dateModified\":\"2020-05-11T21:21:30+00:00\",\"breadcrumb\":{\"@id\":\"https:\\\/\\\/persocustom.com\\\/#breadcrumb\"},\"inLanguage\":\"en-US\",\"potentialAction\":[{\"@type\":\"ReadAction\",\"target\":[\"https:\\\/\\\/persocustom.com\\\/\"]}]},{\"@type\":\"BreadcrumbList\",\"@id\":\"https:\\\/\\\/persocustom.com\\\/#breadcrumb\",\"itemListElement\":[{\"@type\":\"ListItem\",\"position\":1,\"name\":\"Accueil\",\"item\":\"https:\\\/\\\/persocustom.com\\\/\"},{\"@type\":\"ListItem\",\"position\":2,\"name\":\"Home\"}]},{\"@type\":\"WebSite\",\"@id\":\"https:\\\/\\\/persocustom.com\\\/#website\",\"url\":\"https:\\\/\\\/persocustom.com\\\/\",\"name\":\"Cadeau personnalis\u00e9\",\"description\":\"Offrez des cadeaux souvenirs uniques\",\"potentialAction\":[{\"@type\":\"SearchAction\",\"target\":{\"@type\":\"EntryPoint\",\"urlTemplate\":\"https:\\\/\\\/persocustom.com\\\/?s={search_term_string}\"},\"query-input\":{\"@type\":\"PropertyValueSpecification\",\"valueRequired\":true,\"valueName\":\"search_term_string\"}}],\"inLanguage\":\"en-US\"}]}<\/script>\n<!-- \/ Yoast SEO plugin. -->","yoast_head_json":{"title":"Home - Cadeau personnalis\u00e9","robots":{"index":"index","follow":"follow","max-snippet":"max-snippet:-1","max-image-preview":"max-image-preview:large","max-video-preview":"max-video-preview:-1"},"canonical":"https:\/\/persocustom.com\/en\/","og_locale":"en_US","og_type":"article","og_title":"Home - Cadeau personnalis\u00e9","og_url":"https:\/\/persocustom.com\/en\/","og_site_name":"Cadeau personnalis\u00e9","article_modified_time":"2020-05-11T21:21:30+00:00","twitter_card":"summary_large_image","twitter_misc":{"Est. reading time":"1 minute"},"schema":{"@context":"https:\/\/schema.org","@graph":[{"@type":"WebPage","@id":"https:\/\/persocustom.com\/","url":"https:\/\/persocustom.com\/","name":"Home - Cadeau personnalis\u00e9","isPartOf":{"@id":"https:\/\/persocustom.com\/#website"},"datePublished":"2016-01-16T05:16:48+00:00","dateModified":"2020-05-11T21:21:30+00:00","breadcrumb":{"@id":"https:\/\/persocustom.com\/#breadcrumb"},"inLanguage":"en-US","potentialAction":[{"@type":"ReadAction","target":["https:\/\/persocustom.com\/"]}]},{"@type":"BreadcrumbList","@id":"https:\/\/persocustom.com\/#breadcrumb","itemListElement":[{"@type":"ListItem","position":1,"name":"Accueil","item":"https:\/\/persocustom.com\/"},{"@type":"ListItem","position":2,"name":"Home"}]},{"@type":"WebSite","@id":"https:\/\/persocustom.com\/#website","url":"https:\/\/persocustom.com\/","name":"Cadeau personnalis\u00e9","description":"Offer unique souvenir gifts","potentialAction":[{"@type":"SearchAction","target":{"@type":"EntryPoint","urlTemplate":"https:\/\/persocustom.com\/?s={search_term_string}"},"query-input":{"@type":"PropertyValueSpecification","valueRequired":true,"valueName":"search_term_string"}}],"inLanguage":"en-US"}]}},"_links":{"self":[{"href":"https:\/\/persocustom.com\/en\/wp-json\/wp\/v2\/pages\/110","targetHints":{"allow":["GET"]}}],"collection":[{"href":"https:\/\/persocustom.com\/en\/wp-json\/wp\/v2\/pages"}],"about":[{"href":"https:\/\/persocustom.com\/en\/wp-json\/wp\/v2\/types\/page"}],"author":[{"embeddable":true,"href":"https:\/\/persocustom.com\/en\/wp-json\/wp\/v2\/users\/2"}],"replies":[{"embeddable":true,"href":"https:\/\/persocustom.com\/en\/wp-json\/wp\/v2\/comments?post=110"}],"version-history":[{"count":0,"href":"https:\/\/persocustom.com\/en\/wp-json\/wp\/v2\/pages\/110\/revisions"}],"wp:attachment":[{"href":"https:\/\/persocustom.com\/en\/wp-json\/wp\/v2\/media?parent=110"}],"curies":[{"name":"wp","href":"https:\/\/api.w.org\/{rel}","templated":true}]}}