{"id":20,"date":"2020-03-30T12:26:37","date_gmt":"2020-03-30T10:26:37","guid":{"rendered":"https:\/\/c-propre.com\/?page_id=210"},"modified":"2021-02-01T17:10:25","modified_gmt":"2021-02-01T15:10:25","slug":"privacy-policy","status":"publish","type":"page","link":"https:\/\/persocustom.com\/en\/privacy-policy\/","title":{"rendered":"Privacy policy \/ Legal notice"},"content":{"rendered":"<div class=\"vc_row wpb_row vc_row-fluid\"><div class=\"wpb_column vc_column_container vc_col-sm-12\"><div class=\"vc_column-inner\"><div class=\"wpb_wrapper\">\n\t<div class=\"wpb_text_column wpb_content_element\" >\n\t\t<div class=\"wpb_wrapper\">\n\t\t\t<p><strong>Persocustom<\/strong> is hosted by OVH<br \/>\nThe company is registered with the following details<\/p>\n<p><a href=\"https:\/\/persocustom.com\/wp-content\/uploads\/2020\/05\/persocustom-legal.jpg\"><img decoding=\"async\" class=\"alignnone wp-image-8664 size-full\" src=\"https:\/\/persocustom.com\/wp-content\/uploads\/2020\/05\/persocustom-legal.jpg\" alt=\"\" width=\"235\" height=\"134\" \/><\/a><\/p>\n\n\t\t<\/div>\n\t<\/div>\n\n\t<div class=\"wpb_text_column wpb_content_element\" >\n\t\t<div class=\"wpb_wrapper\">\n\t\t\t<p><em>persocustom.com is compliant with The General Data Protection Regulation (GDPR) (EU) 2016\/679.<\/em><\/p>\n<h2>SITE PRIVACY POLICY persocustom.com<\/h2>\n<p><strong>ARTICLE 1: PREAMBLE<\/strong><\/p>\n<p>This privacy policy applies to the site: persocustom.com.<br \/>\nThe purpose of this privacy policy is to expose users of the site to:<br \/>\nThe way in which their personal data are collected and processed. All data that could identify a user should be considered as personal data. These include first and last name, age, postal address, email address, user location or even their IP address;<br \/>\nWhat are the rights of users regarding this data;<br \/>\nWho is responsible for the processing of personal data collected and processed;<br \/>\nTo whom this data is transmitted;<br \/>\nPossibly, the site policy in terms of \u201ccookie\u201d files.<br \/>\nThis privacy policy supplements the legal notices and the General Conditions of Use that users can consult at the address below: https:\/\/persocustom.com\/cgv\/<\/p>\n<p><strong>ARTICLE 2: GENERAL PRINCIPLES IN THE MATTER OF DATA COLLECTION AND PROCESSING<\/strong><\/p>\n<p>In accordance with the provisions of article 5 of European Regulation 2016\/679, the collection and processing of data from site users respect the following principles:<br \/>\nLegality, loyalty and transparency: data can only be collected and processed with the consent of the user who owns the data. Whenever personal data is collected, the user will be informed that his data is collected, and for what reasons his data is collected;<br \/>\nLimited purposes: the collection and processing of data is carried out to meet one or more objectives determined in these general conditions of use;<br \/>\nMinimization of data collection and processing: only the data necessary for the proper execution of the objectives pursued by the site are collected;<br \/>\nStorage of data reduced in time: the data is kept for a limited period, of which the user is informed. If the shelf life cannot be communicated to the user;<br \/>\nIntegrity and confidentiality of the data collected and processed: the data controller undertakes to guarantee the integrity and confidentiality of the data collected.<\/p>\n<p>In order to be lawful, and in accordance with the requirements of Article 6 of European Regulation 2016\/679, the collection and processing of personal data may only take place if they meet at least one of the conditions below. after listed:<\/p>\n<p>The user has expressly consented to the processing;<br \/>\nProcessing is necessary for the proper performance of a contract;<br \/>\nThe processing meets a legal obligation;<br \/>\nThe processing is explained by a necessity related to the safeguarding of the vital interests of the data subject or of another natural person;<br \/>\nThe processing can be explained by a necessity linked to the execution of a mission of public interest or which relates to the exercise of public authority;<br \/>\nThe processing and collection of personal data is necessary for the purposes of the legitimate and private interests pursued by the controller or by a third party.<\/p>\n<p><strong>ARTICLE 3: PERSONAL DATA COLLECTED AND PROCESSED IN THE CONTEXT OF WEBSITE NAVIGATION<\/strong><\/p>\n<p>A. DATA COLLECTED AND PROCESSED AND METHOD OF COLLECTION<\/p>\n<p>The personal data collected on the persocustom.com site are as follows:<br \/>\nFirst name, surname, postal address, email address, telephone number<br \/>\nThis data is collected when the user performs one of the following operations on the site:<br \/>\nWebsite visit, registration and order<\/p>\n<p>In addition, during a payment on the site, it will be kept in the computer systems of the publisher of the site proof of the transaction including the order form and the invoice.<br \/>\nThe data controller will keep all of the data collected in its site computer systems and under reasonable security conditions for a period of: 2 months.<br \/>\nData collection and processing serve the following purposes:<br \/>\nOffer optimal use<\/p>\n<p>B. TRANSMISSION OF DATA TO THIRD PARTIES<\/p>\n<p>Personal data collected by the site is not transmitted to any third party, and is only processed by the site editor.<\/p>\n<p>C. HOSTING OF DATA<\/p>\n<p>The persocustom.com site is hosted by PlanetHoster, whose head office is located at the following address:<br \/>\n4416 Louis-B.-Mayer Laval, Quebec Canada H7P 0G1<br \/>\nThe host can be contacted at the following telephone number: +33 1 76 60 41 43<br \/>\nThe data collected and processed by the site are exclusively hosted and processed in France.<\/p>\n<p><strong>ARTICLE 4: PERSON RESPONSIBLE FOR DATA PROCESSING AND DATA PROTECTION OFFICER<\/strong><\/p>\n<p>A. THE PERSON RESPONSIBLE FOR DATA PROCESSING<\/p>\n<p>The person responsible for processing personal data is: Jean-pierre, web administrator. He can be contacted as follows:<br \/>\nBy email vincent@persocustom.com<br \/>\nThe data controller is responsible for determining the purposes and the means used for processing personal data.<\/p>\n<p>B. OBLIGATIONS OF THE DATA PROCESSING MANAGER<\/p>\n<p>The controller undertakes to protect the personal data collected, not to transmit it to third parties without the user being informed and to respect the purposes for which these data were collected.<br \/>\nThe site has an SSL certificate to ensure that the information and data transfer passing through the site are secure.<br \/>\nAn SSL certificate (&quot;Secure Socket Layer&quot; Certificate) aims to secure the data exchanged between the user and the site.<br \/>\nIn addition, the data controller undertakes to notify the user in the event of rectification or deletion of the data, unless this involves disproportionate formalities, costs and procedures.<br \/>\nIn the event that the integrity, confidentiality or security of the user&#039;s personal data is compromised, the controller undertakes to inform the user by any means.<\/p>\n<p>C. THE DELEGATE OF DATA PROTECTION<\/p>\n<p>In addition, the user is informed that the following person has been appointed Data Protection Officer: Vincent, web administrator.<br \/>\nThe role of the Data Protection Officer and ensuring the proper implementation of national and supranational provisions relating to the collection and processing of personal data. It is sometimes called DPO (for Data Protection Officer).<br \/>\nThe data protection officer can be reached as follows:<br \/>\nBy email vincent@persocustom.com<\/p>\n<p><strong>ARTICLE 5: RIGHTS OF THE USER<\/strong><\/p>\n<p>In accordance with the regulations concerning the processing of personal data, the user has the rights listed below.<br \/>\nIn order for the data controller to comply with his request, the user must communicate to him: his first and last name as well as his e-mail address, and if relevant, his account number or personal space or subscriber.<br \/>\nThe data controller is required to respond to the user within a maximum of 30 (thirty) days.<\/p>\n<p>A. PRESENTATION OF THE RIGHTS OF THE USER IN THE MATTER OF DATA COLLECTION AND PROCESSING<\/p>\n<p>at. Right of access, rectification and right to erasure<\/p>\n<p>The user can read, update, modify or request the deletion of data concerning him, by respecting the procedure set out below:<br \/>\nThe user must send an email to the web administrator<br \/>\nIf he has one, the user has the right to request the deletion of his personal space by following the following procedure:<br \/>\nThe user must contact the administrator and make the request for data deletion<\/p>\n<p>b. Right to data portability<\/p>\n<p>The user has the right to request the portability of his personal data, held by the site, to another site, by complying with the following procedure:<br \/>\nThe user must contact the administrator and formulate his request<\/p>\n<p>vs. Right to limit and oppose data processing<\/p>\n<p>The user has the right to request the limitation or to oppose the processing of his data by the site, without the site being able to refuse, except to demonstrate the existence of legitimate and compelling reasons, which may prevail over the interests and user rights and freedoms.<br \/>\nIn order to request the limitation of the processing of their data or to object to the processing of their data, the user must follow the following procedure:<br \/>\nThe user must contact the administrator and formulate his request<\/p>\n<p>d. Right not to be subject to a decision based exclusively on an automated process<\/p>\n<p>In accordance with the provisions of regulation 2016\/679, the user has the right not to be the subject of a decision based exclusively on an automated process if the decision produces legal effects concerning him, or significantly affects him. similar way.<\/p>\n<p>e. Right to determine the fate of data after death<\/p>\n<p>The user is reminded that he can organize what should become of his data collected and processed if he dies, in accordance with law n \u00b0 2016-1321 of October 7, 2016.<\/p>\n<p>f. Right to seize the competent supervisory authority<\/p>\n<p>In the event that the data controller decides not to respond to the user&#039;s request, and the user wishes to contest this decision, or, if he thinks that one of the rights listed above, he is entitled to appeal to the CNIL (National Commission for Information Technology and Liberties, https:\/\/www.cnil.fr) or any competent judge.<\/p>\n<p>B. PERSONAL DATA OF MINOR PEOPLE<\/p>\n<p>In accordance with the provisions of article 8 of European regulation 2016\/679 and the Data Protection Act, only minors aged 15 years or more can consent to the processing of their personal data.<br \/>\nIf the user is a minor under the age of 15, the agreement of a legal representative will be required so that personal data can be collected and processed.<br \/>\nThe publisher of the site reserves the right to verify by any means that the user is over 15 years of age, or that he has obtained the agreement of a legal representative before browsing the site.<\/p>\n<p><strong>ARTICLE 6: USE OF \u201cCOOKIES\u201d FILES<\/strong><\/p>\n<p>The site may use \u201ccookie\u201d techniques.<br \/>\nA &quot;cookie&quot; is a small file (less than 4 KB), stored by the site on the user&#039;s hard drive, containing information relating to the browsing habits of the user.<br \/>\nThese files allow it to process statistics and traffic information, facilitate navigation and improve the service for the comfort of the user.<br \/>\nFor the use of \u201ccookie\u201d files involving the storage and analysis of personal data, the consent of the user is necessarily required.<br \/>\nThis user consent is considered valid for a maximum period of 13 (thirteen) months. At the end of this period, the site will again ask the user&#039;s authorization to save \u201ccookie\u201d files on his hard drive.<\/p>\n<p>at. User opposition to the use of \u201ccookie\u201d files by the site<\/p>\n<p>It is brought to the attention of the user that he can oppose the registration of these \u201ccookie\u201d files by configuring his navigation software.<br \/>\nFor information, the user can find at the following addresses the steps to follow in order to configure their navigation software to oppose the registration of \u201ccookie\u201d files:<br \/>\nChrome: https:\/\/support.google.com\/accounts\/answer\/61416?hl=en<br \/>\nFirefox: https:\/\/support.mozilla.org\/fr\/kb\/enable-and-disable-cookies-website-preferences<br \/>\nSafari: http:\/\/www.apple.com\/legal\/privacy\/fr-ww\/<br \/>\nInternet Explorer: https:\/\/support.microsoft.com\/fr-fr\/help\/17442\/windows-internet-explorer-delete-manage-cookies<br \/>\nOpera: http:\/\/www.opera.com\/help\/tutorials\/security\/cookies\/<\/p>\n<p>In the event that the user decides to deactivate the &quot;cookie&quot; files, he may continue to browse the site. However, any malfunction of the site caused by this manipulation could not be considered to be due to the publisher of the site.<\/p>\n<p>b. Description of the &quot;cookie&quot; files used by the site<\/p>\n<p>The site editor draws the user&#039;s attention to the fact that the following cookies are used when browsing:<br \/>\nGoogle, Facebook<\/p>\n<p><strong>ARTICLE 7: CONDITIONS FOR MODIFYING THE PRIVACY POLICY<\/strong><\/p>\n<p>This privacy policy can be consulted at any time at the address indicated below:<\/p>\n<blockquote class=\"wp-embedded-content\" data-secret=\"nhsD9Ktzu3\"><p>\n<a href=\"https:\/\/persocustom.com\/en\/privacy-policy\/\">Privacy policy \/ Legal notice<\/a>\n<\/p><\/blockquote>\n<p><iframe class=\"wp-embedded-content\" sandbox=\"allow-scripts\" security=\"restricted\" style=\"position: absolute; visibility: hidden;\" title=\"&quot;Confidentiality policy \/ Legal notices&quot; - Personalized gift\" src=\"https:\/\/persocustom.com\/privacy-policy\/embed\/#?secret=ds6g7F2z2N#?secret=nhsD9Ktzu3\" data-secret=\"nhsD9Ktzu3\" width=\"600\" height=\"338\" frameborder=\"0\" marginwidth=\"0\" marginheight=\"0\" scrolling=\"no\"><\/iframe><br \/>\nThe editor of the site reserves the right to modify it in order to guarantee its conformity with the law in force.<br \/>\nConsequently, the user is invited to regularly consult this privacy policy in order to keep informed of the latest changes that will be made to it.<br \/>\nThe user is informed that the last update of this privacy policy took place on: 12\/10\/2018.<\/p>\n\n\t\t<\/div>\n\t<\/div>\n<\/div><\/div><\/div><\/div>","protected":false},"excerpt":{"rendered":"Persocustom est h\u00e9berg\u00e9e par OVH La soci\u00e9t\u00e9 est enregistr\u00e9e avec les d\u00e9tails suivants persocustom.com is compliant with The General Data Protection Regulation (GDPR) (EU) 2016\/679. POLITIQUE DE CONFIDENTIALIT\u00c9 DU SITE persocustom.com ARTICLE 1 : PR\u00c9AMBULE Cette politique de confidentialit\u00e9 s'applique au site : persocustom.com. La pr\u00e9sente politique de confidentialit\u00e9 a pour but d'exposer aux utilisateurs &hellip; <a href=\"https:\/\/persocustom.com\/en\/privacy-policy\/\" class=\"more-link\">Continue reading <span class=\"screen-reader-text\">Privacy policy \/ Legal notice<\/span><\/a>","protected":false},"author":2,"featured_media":0,"parent":0,"menu_order":11,"comment_status":"closed","ping_status":"closed","template":"","meta":{"footnotes":""},"class_list":["post-20","page","type-page","status-publish","hentry"],"yoast_head":"<!-- This site is optimized with the Yoast SEO plugin v27.3 - https:\/\/yoast.com\/product\/yoast-seo-wordpress\/ -->\n<title>Politique de confidentialit\u00e9 \/ Mentions l\u00e9gales - Cadeau personnalis\u00e9<\/title>\n<meta name=\"robots\" content=\"index, follow, max-snippet:-1, max-image-preview:large, max-video-preview:-1\" \/>\n<link rel=\"canonical\" href=\"https:\/\/persocustom.com\/en\/privacy-policy\/\" \/>\n<meta property=\"og:locale\" content=\"en_US\" \/>\n<meta property=\"og:type\" content=\"article\" \/>\n<meta property=\"og:title\" content=\"Politique de confidentialit\u00e9 \/ Mentions l\u00e9gales - Cadeau personnalis\u00e9\" \/>\n<meta property=\"og:url\" content=\"https:\/\/persocustom.com\/en\/privacy-policy\/\" \/>\n<meta property=\"og:site_name\" content=\"Cadeau personnalis\u00e9\" \/>\n<meta property=\"article:modified_time\" content=\"2021-02-01T15:10:25+00:00\" \/>\n<meta property=\"og:image\" content=\"https:\/\/persocustom.com\/wp-content\/uploads\/2020\/05\/persocustom-legal.jpg\" \/>\n<meta name=\"twitter:card\" content=\"summary_large_image\" \/>\n<meta name=\"twitter:label1\" content=\"Est. reading time\" \/>\n\t<meta name=\"twitter:data1\" content=\"11 minutes\" \/>\n<script type=\"application\/ld+json\" class=\"yoast-schema-graph\">{\"@context\":\"https:\\\/\\\/schema.org\",\"@graph\":[{\"@type\":\"WebPage\",\"@id\":\"https:\\\/\\\/persocustom.com\\\/en\\\/privacy-policy\\\/\",\"url\":\"https:\\\/\\\/persocustom.com\\\/en\\\/privacy-policy\\\/\",\"name\":\"Politique de confidentialit\u00e9 \\\/ Mentions l\u00e9gales - Cadeau personnalis\u00e9\",\"isPartOf\":{\"@id\":\"https:\\\/\\\/persocustom.com\\\/#website\"},\"primaryImageOfPage\":{\"@id\":\"https:\\\/\\\/persocustom.com\\\/en\\\/privacy-policy\\\/#primaryimage\"},\"image\":{\"@id\":\"https:\\\/\\\/persocustom.com\\\/en\\\/privacy-policy\\\/#primaryimage\"},\"thumbnailUrl\":\"https:\\\/\\\/persocustom.com\\\/wp-content\\\/uploads\\\/2020\\\/05\\\/persocustom-legal.jpg\",\"datePublished\":\"2020-03-30T10:26:37+00:00\",\"dateModified\":\"2021-02-01T15:10:25+00:00\",\"breadcrumb\":{\"@id\":\"https:\\\/\\\/persocustom.com\\\/en\\\/privacy-policy\\\/#breadcrumb\"},\"inLanguage\":\"en-US\",\"potentialAction\":[{\"@type\":\"ReadAction\",\"target\":[\"https:\\\/\\\/persocustom.com\\\/en\\\/privacy-policy\\\/\"]}]},{\"@type\":\"ImageObject\",\"inLanguage\":\"en-US\",\"@id\":\"https:\\\/\\\/persocustom.com\\\/en\\\/privacy-policy\\\/#primaryimage\",\"url\":\"https:\\\/\\\/persocustom.com\\\/wp-content\\\/uploads\\\/2020\\\/05\\\/persocustom-legal.jpg\",\"contentUrl\":\"https:\\\/\\\/persocustom.com\\\/wp-content\\\/uploads\\\/2020\\\/05\\\/persocustom-legal.jpg\"},{\"@type\":\"BreadcrumbList\",\"@id\":\"https:\\\/\\\/persocustom.com\\\/en\\\/privacy-policy\\\/#breadcrumb\",\"itemListElement\":[{\"@type\":\"ListItem\",\"position\":1,\"name\":\"Accueil\",\"item\":\"https:\\\/\\\/persocustom.com\\\/\"},{\"@type\":\"ListItem\",\"position\":2,\"name\":\"Politique de confidentialit\u00e9 \\\/ Mentions l\u00e9gales\"}]},{\"@type\":\"WebSite\",\"@id\":\"https:\\\/\\\/persocustom.com\\\/#website\",\"url\":\"https:\\\/\\\/persocustom.com\\\/\",\"name\":\"Cadeau personnalis\u00e9\",\"description\":\"Offrez des cadeaux souvenirs uniques\",\"potentialAction\":[{\"@type\":\"SearchAction\",\"target\":{\"@type\":\"EntryPoint\",\"urlTemplate\":\"https:\\\/\\\/persocustom.com\\\/?s={search_term_string}\"},\"query-input\":{\"@type\":\"PropertyValueSpecification\",\"valueRequired\":true,\"valueName\":\"search_term_string\"}}],\"inLanguage\":\"en-US\"}]}<\/script>\n<!-- \/ Yoast SEO plugin. -->","yoast_head_json":{"title":"Politique de confidentialit\u00e9 \/ Mentions l\u00e9gales - Cadeau personnalis\u00e9","robots":{"index":"index","follow":"follow","max-snippet":"max-snippet:-1","max-image-preview":"max-image-preview:large","max-video-preview":"max-video-preview:-1"},"canonical":"https:\/\/persocustom.com\/en\/privacy-policy\/","og_locale":"en_US","og_type":"article","og_title":"Politique de confidentialit\u00e9 \/ Mentions l\u00e9gales - Cadeau personnalis\u00e9","og_url":"https:\/\/persocustom.com\/en\/privacy-policy\/","og_site_name":"Cadeau personnalis\u00e9","article_modified_time":"2021-02-01T15:10:25+00:00","og_image":[{"url":"https:\/\/persocustom.com\/wp-content\/uploads\/2020\/05\/persocustom-legal.jpg","type":"","width":"","height":""}],"twitter_card":"summary_large_image","twitter_misc":{"Est. reading time":"11 minutes"},"schema":{"@context":"https:\/\/schema.org","@graph":[{"@type":"WebPage","@id":"https:\/\/persocustom.com\/en\/privacy-policy\/","url":"https:\/\/persocustom.com\/en\/privacy-policy\/","name":"Politique de confidentialit\u00e9 \/ Mentions l\u00e9gales - Cadeau personnalis\u00e9","isPartOf":{"@id":"https:\/\/persocustom.com\/#website"},"primaryImageOfPage":{"@id":"https:\/\/persocustom.com\/en\/privacy-policy\/#primaryimage"},"image":{"@id":"https:\/\/persocustom.com\/en\/privacy-policy\/#primaryimage"},"thumbnailUrl":"https:\/\/persocustom.com\/wp-content\/uploads\/2020\/05\/persocustom-legal.jpg","datePublished":"2020-03-30T10:26:37+00:00","dateModified":"2021-02-01T15:10:25+00:00","breadcrumb":{"@id":"https:\/\/persocustom.com\/en\/privacy-policy\/#breadcrumb"},"inLanguage":"en-US","potentialAction":[{"@type":"ReadAction","target":["https:\/\/persocustom.com\/en\/privacy-policy\/"]}]},{"@type":"ImageObject","inLanguage":"en-US","@id":"https:\/\/persocustom.com\/en\/privacy-policy\/#primaryimage","url":"https:\/\/persocustom.com\/wp-content\/uploads\/2020\/05\/persocustom-legal.jpg","contentUrl":"https:\/\/persocustom.com\/wp-content\/uploads\/2020\/05\/persocustom-legal.jpg"},{"@type":"BreadcrumbList","@id":"https:\/\/persocustom.com\/en\/privacy-policy\/#breadcrumb","itemListElement":[{"@type":"ListItem","position":1,"name":"Accueil","item":"https:\/\/persocustom.com\/"},{"@type":"ListItem","position":2,"name":"Politique de confidentialit\u00e9 \/ Mentions l\u00e9gales"}]},{"@type":"WebSite","@id":"https:\/\/persocustom.com\/#website","url":"https:\/\/persocustom.com\/","name":"Cadeau personnalis\u00e9","description":"Offer unique souvenir gifts","potentialAction":[{"@type":"SearchAction","target":{"@type":"EntryPoint","urlTemplate":"https:\/\/persocustom.com\/?s={search_term_string}"},"query-input":{"@type":"PropertyValueSpecification","valueRequired":true,"valueName":"search_term_string"}}],"inLanguage":"en-US"}]}},"_links":{"self":[{"href":"https:\/\/persocustom.com\/en\/wp-json\/wp\/v2\/pages\/20","targetHints":{"allow":["GET"]}}],"collection":[{"href":"https:\/\/persocustom.com\/en\/wp-json\/wp\/v2\/pages"}],"about":[{"href":"https:\/\/persocustom.com\/en\/wp-json\/wp\/v2\/types\/page"}],"author":[{"embeddable":true,"href":"https:\/\/persocustom.com\/en\/wp-json\/wp\/v2\/users\/2"}],"replies":[{"embeddable":true,"href":"https:\/\/persocustom.com\/en\/wp-json\/wp\/v2\/comments?post=20"}],"version-history":[{"count":0,"href":"https:\/\/persocustom.com\/en\/wp-json\/wp\/v2\/pages\/20\/revisions"}],"wp:attachment":[{"href":"https:\/\/persocustom.com\/en\/wp-json\/wp\/v2\/media?parent=20"}],"curies":[{"name":"wp","href":"https:\/\/api.w.org\/{rel}","templated":true}]}}