{"id":22,"date":"2020-03-30T12:26:37","date_gmt":"2020-03-30T11:26:37","guid":{"rendered":"https:\/\/c-propre.com\/?page_id=230"},"modified":"2020-04-25T17:11:35","modified_gmt":"2020-04-25T15:11:35","slug":"shipping-delivery","status":"publish","type":"page","link":"https:\/\/persocustom.com\/en\/shipping-delivery\/","title":{"rendered":"Delivery details"},"content":{"rendered":"<div class=\"vc_row wpb_row vc_row-fluid\"><div class=\"wpb_column vc_column_container vc_col-sm-12\"><div class=\"vc_column-inner\"><div class=\"wpb_wrapper\">\n\t<div class=\"wpb_text_column wpb_content_element\" >\n\t\t<div class=\"wpb_wrapper\">\n\t\t\t<div class=\"shipping-page-content-with-icons\">\n<div class=\"shipping-page-item\">\n<div class=\"shipping-page-item__image\">\n<h3>FREE DELIVERY<\/h3>\n<\/div>\n<div class=\"shipping-page-item__text\">\n<p>We deliver <strong>all your orders for free, with no minimum purchase<\/strong>.<\/p>\n<p>Depending on your products, they are shipped by local post, from our factories, mainly based in Asia (China, Indonesia, Thailand, etc.), to guarantee you the best prices.<\/p>\n<\/div>\n<\/div>\n<div class=\"shipping-page-item\">\n<div class=\"shipping-page-item__text\">\n<h3>DELIVERY TO MORE THAN 200 COUNTRIES<\/h3>\n<p>We deliver to more than 200 countries, including the whole of Europe, as well as the French overseas departments and territories.<\/p>\n<p>However, some countries cannot be delivered.<\/p>\n<p>We invite you to contact us if in doubt.<\/p>\n<\/div>\n<\/div>\n<div class=\"shipping-page-item\">\n<div class=\"shipping-page-item__text\">\n<h3>CUSTOMS<\/h3>\n<p>All our packages are shipped from our various warehouses in Asia.<\/p>\n<p>We are not responsible for any additional tax (customs tax, vat, etc.) that may be charged by your local tax authority.<\/p>\n<p>By confirming your order, you accept that your orders may be taxed upon arrival, in your country of delivery.<\/p>\n<\/div>\n<\/div>\n<div class=\"shipping-page-item\">\n<div class=\"shipping-page-item__text\">\n<h3>DELIVERY TIME<\/h3>\n<p>The delivery time varies from country to country. Here is a summary table:<\/p>\n<div class=\"table-responsive\">\n<table class=\"table table-striped\" style=\"width: 42.3659%; height: 120px;\">\n<thead>\n<tr style=\"height: 24px;\">\n<th style=\"height: 24px; width: 57.5342%;\">DESTINATION<\/th>\n<th style=\"height: 24px; width: 41.0959%;\">* Estimated delivery time<\/th>\n<\/tr>\n<\/thead>\n<tbody>\n<tr style=\"height: 24px;\">\n<td style=\"height: 24px; width: 57.5342%;\">Europe (including France)<\/td>\n<td style=\"height: 24px; width: 41.0959%;\">15-21 working days<\/td>\n<\/tr>\n<tr style=\"height: 24px;\">\n<td style=\"height: 24px; width: 57.5342%;\">Canada, USA<\/td>\n<td style=\"height: 24px; width: 41.0959%;\">18-21 working days<\/td>\n<\/tr>\n<tr style=\"height: 24px;\">\n<td style=\"height: 24px; width: 57.5342%;\">Australia, New Zealand<\/td>\n<td style=\"height: 24px; width: 41.0959%;\">15-21 working days<\/td>\n<\/tr>\n<tr style=\"height: 24px;\">\n<td style=\"height: 24px; width: 57.5342%;\">Mexico, Central America, South America<\/td>\n<td style=\"height: 24px; width: 41.0959%;\">18-29 working days<\/td>\n<\/tr>\n<tr style=\"height: 24px;\">\n<td style=\"height: 24px; width: 57.5342%;\">Asia<\/td>\n<td style=\"height: 24px; width: 41.0959%;\">15-19 working days<\/td>\n<\/tr>\n<\/tbody>\n<\/table>\n<\/div>\n<div class=\"info-no-italic\">Maximum delay of 45 days.<\/div>\n<div class=\"table-responsive\">\n<p><span class=\"info\">* The deadline does not include the time for preparing the order.<\/span><\/p>\n<p>Each custom item requests <strong>7-10 manufacturing days<\/strong>.<\/p>\n<p>It is not mass production: <strong>your products are unique and made to order<\/strong>.<\/p>\n<\/div>\n<\/div>\n<\/div>\n<div class=\"shipping-page-item\">\n<div class=\"shipping-page-item__text\">\n<h3>ORDER TRACKING<\/h3>\n<p>You will receive an email with your tracking number as soon as your order is shipped.<\/p>\n<p>All our shipments are made with a tracking number.<\/p>\n<p>When ordering several items, for logistical reasons, you may receive them in separate packages, shipped on different days.<\/p>\n<\/div>\n<\/div>\n<\/div>\n\n\t\t<\/div>\n\t<\/div>\n<\/div><\/div><\/div><\/div>","protected":false},"excerpt":{"rendered":"LIVRAISON GRATUITE Nous livrons gratuitement toutes vos commandes, sans minimum d'achat. En fonction de vos produits, ces derniers sont exp\u00e9di\u00e9s par la Poste locale, au d\u00e9part de nos usines, principalement bas\u00e9es en Asie (Chine, Indon\u00e9sie, Tha\u00eflande, etc.), afin de vous garantir les meilleurs prix. LIVRAISON VERS PLUS DE 200 PAYS Nous livrons vers plus de &hellip; <a href=\"https:\/\/persocustom.com\/en\/shipping-delivery\/\" class=\"more-link\">Continue reading <span class=\"screen-reader-text\">Delivery details<\/span><\/a>","protected":false},"author":2,"featured_media":0,"parent":0,"menu_order":13,"comment_status":"closed","ping_status":"closed","template":"","meta":{"footnotes":""},"class_list":["post-22","page","type-page","status-publish","hentry"],"yoast_head":"<!-- This site is optimized with the Yoast SEO plugin v27.3 - https:\/\/yoast.com\/product\/yoast-seo-wordpress\/ -->\n<title>D\u00e9lais de livraison - Cadeau personnalis\u00e9<\/title>\n<meta name=\"robots\" content=\"index, follow, max-snippet:-1, max-image-preview:large, max-video-preview:-1\" \/>\n<link rel=\"canonical\" href=\"https:\/\/persocustom.com\/en\/shipping-delivery\/\" \/>\n<meta property=\"og:locale\" content=\"en_US\" \/>\n<meta property=\"og:type\" content=\"article\" \/>\n<meta property=\"og:title\" content=\"D\u00e9lais de livraison - Cadeau personnalis\u00e9\" \/>\n<meta property=\"og:url\" content=\"https:\/\/persocustom.com\/en\/shipping-delivery\/\" \/>\n<meta property=\"og:site_name\" content=\"Cadeau personnalis\u00e9\" \/>\n<meta property=\"article:modified_time\" content=\"2020-04-25T15:11:35+00:00\" \/>\n<meta name=\"twitter:card\" content=\"summary_large_image\" \/>\n<meta name=\"twitter:label1\" content=\"Est. reading time\" \/>\n\t<meta name=\"twitter:data1\" content=\"2 minutes\" \/>\n<script type=\"application\/ld+json\" class=\"yoast-schema-graph\">{\"@context\":\"https:\\\/\\\/schema.org\",\"@graph\":[{\"@type\":\"WebPage\",\"@id\":\"https:\\\/\\\/persocustom.com\\\/en\\\/shipping-delivery\\\/\",\"url\":\"https:\\\/\\\/persocustom.com\\\/en\\\/shipping-delivery\\\/\",\"name\":\"D\u00e9lais de livraison - Cadeau personnalis\u00e9\",\"isPartOf\":{\"@id\":\"https:\\\/\\\/persocustom.com\\\/#website\"},\"datePublished\":\"2020-03-30T11:26:37+00:00\",\"dateModified\":\"2020-04-25T15:11:35+00:00\",\"breadcrumb\":{\"@id\":\"https:\\\/\\\/persocustom.com\\\/en\\\/shipping-delivery\\\/#breadcrumb\"},\"inLanguage\":\"en-US\",\"potentialAction\":[{\"@type\":\"ReadAction\",\"target\":[\"https:\\\/\\\/persocustom.com\\\/en\\\/shipping-delivery\\\/\"]}]},{\"@type\":\"BreadcrumbList\",\"@id\":\"https:\\\/\\\/persocustom.com\\\/en\\\/shipping-delivery\\\/#breadcrumb\",\"itemListElement\":[{\"@type\":\"ListItem\",\"position\":1,\"name\":\"Accueil\",\"item\":\"https:\\\/\\\/persocustom.com\\\/\"},{\"@type\":\"ListItem\",\"position\":2,\"name\":\"D\u00e9lais de livraison\"}]},{\"@type\":\"WebSite\",\"@id\":\"https:\\\/\\\/persocustom.com\\\/#website\",\"url\":\"https:\\\/\\\/persocustom.com\\\/\",\"name\":\"Cadeau personnalis\u00e9\",\"description\":\"Offrez des cadeaux souvenirs uniques\",\"potentialAction\":[{\"@type\":\"SearchAction\",\"target\":{\"@type\":\"EntryPoint\",\"urlTemplate\":\"https:\\\/\\\/persocustom.com\\\/?s={search_term_string}\"},\"query-input\":{\"@type\":\"PropertyValueSpecification\",\"valueRequired\":true,\"valueName\":\"search_term_string\"}}],\"inLanguage\":\"en-US\"}]}<\/script>\n<!-- \/ Yoast SEO plugin. -->","yoast_head_json":{"title":"D\u00e9lais de livraison - Cadeau personnalis\u00e9","robots":{"index":"index","follow":"follow","max-snippet":"max-snippet:-1","max-image-preview":"max-image-preview:large","max-video-preview":"max-video-preview:-1"},"canonical":"https:\/\/persocustom.com\/en\/shipping-delivery\/","og_locale":"en_US","og_type":"article","og_title":"D\u00e9lais de livraison - Cadeau personnalis\u00e9","og_url":"https:\/\/persocustom.com\/en\/shipping-delivery\/","og_site_name":"Cadeau personnalis\u00e9","article_modified_time":"2020-04-25T15:11:35+00:00","twitter_card":"summary_large_image","twitter_misc":{"Est. reading time":"2 minutes"},"schema":{"@context":"https:\/\/schema.org","@graph":[{"@type":"WebPage","@id":"https:\/\/persocustom.com\/en\/shipping-delivery\/","url":"https:\/\/persocustom.com\/en\/shipping-delivery\/","name":"D\u00e9lais de livraison - Cadeau personnalis\u00e9","isPartOf":{"@id":"https:\/\/persocustom.com\/#website"},"datePublished":"2020-03-30T11:26:37+00:00","dateModified":"2020-04-25T15:11:35+00:00","breadcrumb":{"@id":"https:\/\/persocustom.com\/en\/shipping-delivery\/#breadcrumb"},"inLanguage":"en-US","potentialAction":[{"@type":"ReadAction","target":["https:\/\/persocustom.com\/en\/shipping-delivery\/"]}]},{"@type":"BreadcrumbList","@id":"https:\/\/persocustom.com\/en\/shipping-delivery\/#breadcrumb","itemListElement":[{"@type":"ListItem","position":1,"name":"Accueil","item":"https:\/\/persocustom.com\/"},{"@type":"ListItem","position":2,"name":"D\u00e9lais de livraison"}]},{"@type":"WebSite","@id":"https:\/\/persocustom.com\/#website","url":"https:\/\/persocustom.com\/","name":"Cadeau personnalis\u00e9","description":"Offer unique souvenir gifts","potentialAction":[{"@type":"SearchAction","target":{"@type":"EntryPoint","urlTemplate":"https:\/\/persocustom.com\/?s={search_term_string}"},"query-input":{"@type":"PropertyValueSpecification","valueRequired":true,"valueName":"search_term_string"}}],"inLanguage":"en-US"}]}},"_links":{"self":[{"href":"https:\/\/persocustom.com\/en\/wp-json\/wp\/v2\/pages\/22","targetHints":{"allow":["GET"]}}],"collection":[{"href":"https:\/\/persocustom.com\/en\/wp-json\/wp\/v2\/pages"}],"about":[{"href":"https:\/\/persocustom.com\/en\/wp-json\/wp\/v2\/types\/page"}],"author":[{"embeddable":true,"href":"https:\/\/persocustom.com\/en\/wp-json\/wp\/v2\/users\/2"}],"replies":[{"embeddable":true,"href":"https:\/\/persocustom.com\/en\/wp-json\/wp\/v2\/comments?post=22"}],"version-history":[{"count":0,"href":"https:\/\/persocustom.com\/en\/wp-json\/wp\/v2\/pages\/22\/revisions"}],"wp:attachment":[{"href":"https:\/\/persocustom.com\/en\/wp-json\/wp\/v2\/media?parent=22"}],"curies":[{"name":"wp","href":"https:\/\/api.w.org\/{rel}","templated":true}]}}