{"id":8376,"date":"2020-05-08T01:39:21","date_gmt":"2020-05-07T23:39:21","guid":{"rendered":"https:\/\/persocustom.com\/?post_type=product&#038;p=8376"},"modified":"2020-05-09T18:04:44","modified_gmt":"2020-05-09T16:04:44","slug":"collier-personnalise-mylovetree","status":"publish","type":"product","link":"https:\/\/persocustom.com\/en\/product\/collier-personnalise-mylovetree\/","title":{"rendered":"Personalized love necklace &quot;MyLoveTree&quot;"},"content":{"rendered":"<div class=\"vc_row wpb_row vc_row-fluid\"><div class=\"wpb_column vc_column_container vc_col-sm-6\"><div class=\"vc_column-inner\"><div class=\"wpb_wrapper\">\n\t<div class=\"wpb_text_column wpb_content_element\" >\n\t\t<div class=\"wpb_wrapper\">\n\t\t\t<h2>Details of the customizable necklace<\/h2>\n<ul>\n<li>Necklace with <strong>customizable names<\/strong><\/li>\n<li>Stainless steel with 3 colors to choose from: gold, rose gold, and silver<\/li>\n<li>You can add up to 4 names (10 letters maximum)<\/li>\n<li><strong>Unique price whatever the number of names, and the color<\/strong><\/li>\n<li>Customizable chain length : 45 cm (40 + 5 cm adjustable) \/ 50 cm (45 + 5 cm adjustable)<\/li>\n<li>Delivered in a pretty black box<\/li>\n<li><strong>Ideal gift<\/strong> for a birthday, for a birth, for a gift to the people you love, or just to make you happy!<\/li>\n<li>Take advantage of our offer with decreasing prices if you wish to offer it to all the people registered on the tree. <strong>Example : if you want to add the names of your 3 best friends, and then offer each one, you can order the pack of 3, and enjoy a big discount !<\/strong><\/li>\n<\/ul>\n\n\t\t<\/div>\n\t<\/div>\n<\/div><\/div><\/div><div class=\"wpb_column vc_column_container vc_col-sm-6\"><div class=\"vc_column-inner\"><div class=\"wpb_wrapper\">\n\t<div class=\"wpb_text_column wpb_content_element\" >\n\t\t<div class=\"wpb_wrapper\">\n\t\t\t<h2>&quot;MyLoveTree&quot;<\/h2>\n<ul>\n<li>\ud83c\udf81 The <strong>ideal gift<\/strong> : it will please the person who will receive this necklace without any doubt. A unique and personalized gift is always appreciated and shows the affection or the special love that you have for this or these people.<\/li>\n<li>\ud83d\udc8c <strong>Declare your love, or share your friendship<\/strong> with this personalized necklace. This pendant represents a tree of life : the people registered represent your loved ones. Whether it is a family, friendly or more !<\/li>\n<li>\ud83d\udd24 <strong>Full customization<\/strong> : necklace color, number of names and also the font (writing style).<\/li>\n<li>\ud83c\udf0f We can write first names in all languages: <strong>Arabic<\/strong>, Chinese, Japanese, etc.<\/li>\n<li>\ud83c\udfa8 Three colors are available: <strong>gold, rose gold, <\/strong>or <strong>silver<\/strong>.<\/li>\n<\/ul>\n\n\t\t<\/div>\n\t<\/div>\n<\/div><\/div><\/div><\/div><div class=\"vc_row wpb_row vc_row-fluid\"><div class=\"wpb_column vc_column_container vc_col-sm-12\"><div class=\"vc_column-inner\"><div class=\"wpb_wrapper\"><div class=\"vc_row wpb_row vc_inner vc_row-fluid\"><div class=\"wpb_column vc_column_container vc_col-sm-6\"><div class=\"vc_column-inner\"><div class=\"wpb_wrapper\"><div class=\"wpb_gallery wpb_content_element vc_clearfix\" ><div class=\"wpb_wrapper\"><div class=\"wpb_gallery_slides wpb_flexslider flexslider_fade flexslider\" data-interval=\"3\" data-flex_fx=\"fade\"><ul class=\"slides\"><li><img fetchpriority=\"high\" decoding=\"async\" width=\"440\" height=\"440\" src=\"https:\/\/persocustom.com\/wp-content\/uploads\/2020\/05\/MyLoveTree-1-440x440.jpg\" class=\"attachment-large\" alt=\"\" \/><\/li><li><img decoding=\"async\" width=\"440\" height=\"440\" src=\"https:\/\/persocustom.com\/wp-content\/uploads\/2020\/05\/MyLoveTree-34-440x440.jpg\" class=\"attachment-large\" alt=\"\" \/><\/li><li><img decoding=\"async\" width=\"440\" height=\"440\" src=\"https:\/\/persocustom.com\/wp-content\/uploads\/2020\/05\/MyLoveTree-OR-440x440.jpg\" class=\"attachment-large\" alt=\"\" \/><\/li><li><img loading=\"lazy\" decoding=\"async\" width=\"440\" height=\"440\" src=\"https:\/\/persocustom.com\/wp-content\/uploads\/2020\/05\/MyLoveTree-OR-ROSE-440x440.jpg\" class=\"attachment-large\" alt=\"\" \/><\/li><li><img loading=\"lazy\" decoding=\"async\" width=\"440\" height=\"440\" src=\"https:\/\/persocustom.com\/wp-content\/uploads\/2020\/05\/MyLoveTree-ARGENT-440x440.jpg\" class=\"attachment-large\" alt=\"\" \/><\/li><\/ul><\/div><\/div><\/div>\n\t<div class=\"wpb_text_column wpb_content_element\" >\n\t\t<div class=\"wpb_wrapper\">\n\t\t\t<p>You have the choice between 3 colors: <strong>silver<\/strong>, <strong>gold<\/strong>, <strong>rose gold<\/strong>.<\/p>\n\n\t\t<\/div>\n\t<\/div>\n<\/div><\/div><\/div><div class=\"wpb_column vc_column_container vc_col-sm-6\"><div class=\"vc_column-inner\"><div class=\"wpb_wrapper\"><div class=\"wpb_gallery wpb_content_element vc_clearfix\" ><div class=\"wpb_wrapper\"><div class=\"wpb_gallery_slides wpb_flexslider flexslider_fade flexslider\" data-interval=\"3\" data-flex_fx=\"fade\"><ul class=\"slides\"><li><img loading=\"lazy\" decoding=\"async\" width=\"440\" height=\"440\" src=\"https:\/\/persocustom.com\/wp-content\/uploads\/2020\/05\/Police-collier-autre-440x440.jpg\" class=\"attachment-large\" alt=\"\" \/><\/li><\/ul><\/div><\/div><\/div>\n\t<div class=\"wpb_text_column wpb_content_element\" >\n\t\t<div class=\"wpb_wrapper\">\n\t\t\t<p>Customizable font: you can choose the writing style of your choice.<\/p>\n<p><strong>By default, style 2 will be used.<\/strong><\/p>\n<p>If you want another style, you must specify it when ordering.<\/p>\n\n\t\t<\/div>\n\t<\/div>\n<\/div><\/div><\/div><\/div><\/div><\/div><\/div><\/div><div class=\"vc_row wpb_row vc_row-fluid\"><div class=\"wpb_column vc_column_container vc_col-sm-12\"><div class=\"vc_column-inner\"><div class=\"wpb_wrapper\"><div class=\"wpb_images_carousel wpb_content_element vc_clearfix\"><div class=\"wpb_wrapper\"><h2 class=\"wpb_heading wpb_gallery_heading\">Customer pictures \u2b50\u2b50\u2b50\u2b50\u2b50<\/h2><div id=\"vc_images-carousel-1-1776382291\" data-ride=\"vc_carousel\" data-wrap=\"true\" style=\"width: 770px;\" data-interval=\"5000\" data-auto-height=\"yes\" data-mode=\"horizontal\" data-partial=\"false\" data-per-view=\"4\" data-hide-on-end=\"false\" class=\"vc_slide vc_images_carousel\"><ol class=\"vc_carousel-indicators\"><li data-target=\"#vc_images-carousel-1-1776382291\" data-slide-to=\"0\"><\/li><li data-target=\"#vc_images-carousel-1-1776382291\" data-slide-to=\"1\"><\/li><li data-target=\"#vc_images-carousel-1-1776382291\" data-slide-to=\"2\"><\/li><li data-target=\"#vc_images-carousel-1-1776382291\" data-slide-to=\"3\"><\/li><li data-target=\"#vc_images-carousel-1-1776382291\" data-slide-to=\"4\"><\/li><li data-target=\"#vc_images-carousel-1-1776382291\" data-slide-to=\"5\"><\/li><li data-target=\"#vc_images-carousel-1-1776382291\" data-slide-to=\"6\"><\/li><li data-target=\"#vc_images-carousel-1-1776382291\" data-slide-to=\"7\"><\/li><li data-target=\"#vc_images-carousel-1-1776382291\" data-slide-to=\"8\"><\/li><li data-target=\"#vc_images-carousel-1-1776382291\" data-slide-to=\"9\"><\/li><li data-target=\"#vc_images-carousel-1-1776382291\" data-slide-to=\"10\"><\/li><li data-target=\"#vc_images-carousel-1-1776382291\" data-slide-to=\"11\"><\/li><li data-target=\"#vc_images-carousel-1-1776382291\" data-slide-to=\"12\"><\/li><li data-target=\"#vc_images-carousel-1-1776382291\" data-slide-to=\"13\"><\/li><li data-target=\"#vc_images-carousel-1-1776382291\" data-slide-to=\"14\"><\/li><li data-target=\"#vc_images-carousel-1-1776382291\" data-slide-to=\"15\"><\/li><\/ol><div class=\"vc_carousel-inner\"><div class=\"vc_carousel-slideline\"><div class=\"vc_carousel-slideline-inner\"><div class=\"vc_item\"><div class=\"vc_inner\"><img loading=\"lazy\" decoding=\"async\" width=\"330\" height=\"440\" src=\"https:\/\/persocustom.com\/wp-content\/uploads\/2020\/05\/Collier-avis-14-330x440.jpg\" class=\"attachment-large\" alt=\"\" \/><\/div><\/div><div class=\"vc_item\"><div class=\"vc_inner\"><img loading=\"lazy\" decoding=\"async\" width=\"330\" height=\"440\" src=\"https:\/\/persocustom.com\/wp-content\/uploads\/2020\/05\/Collier-avis-18-330x440.jpg\" class=\"attachment-large\" alt=\"\" \/><\/div><\/div><div class=\"vc_item\"><div class=\"vc_inner\"><img loading=\"lazy\" decoding=\"async\" width=\"248\" height=\"440\" src=\"https:\/\/persocustom.com\/wp-content\/uploads\/2020\/05\/ae01.alicdn.comkfU0dffbcc7489948b4b68396048691f245X-248x440.jpg\" class=\"attachment-large\" alt=\"\" \/><\/div><\/div><div class=\"vc_item\"><div class=\"vc_inner\"><img loading=\"lazy\" decoding=\"async\" width=\"248\" height=\"440\" src=\"https:\/\/persocustom.com\/wp-content\/uploads\/2020\/05\/Collier-avis-1-248x440.jpg\" class=\"attachment-large\" alt=\"\" \/><\/div><\/div><div class=\"vc_item\"><div class=\"vc_inner\"><img loading=\"lazy\" decoding=\"async\" width=\"248\" height=\"440\" src=\"https:\/\/persocustom.com\/wp-content\/uploads\/2020\/05\/Collier-avis-2-248x440.jpg\" class=\"attachment-large\" alt=\"\" \/><\/div><\/div><div class=\"vc_item\"><div class=\"vc_inner\"><img loading=\"lazy\" decoding=\"async\" width=\"330\" height=\"440\" src=\"https:\/\/persocustom.com\/wp-content\/uploads\/2020\/05\/Collier-avis-3-330x440.jpg\" class=\"attachment-large\" alt=\"\" \/><\/div><\/div><div class=\"vc_item\"><div class=\"vc_inner\"><img loading=\"lazy\" decoding=\"async\" width=\"331\" height=\"440\" src=\"https:\/\/persocustom.com\/wp-content\/uploads\/2020\/05\/Collier-avis-5-331x440.jpg\" class=\"attachment-large\" alt=\"\" \/><\/div><\/div><div class=\"vc_item\"><div class=\"vc_inner\"><img loading=\"lazy\" decoding=\"async\" width=\"331\" height=\"440\" src=\"https:\/\/persocustom.com\/wp-content\/uploads\/2020\/05\/Collier-avis-7-331x440.jpg\" class=\"attachment-large\" alt=\"\" \/><\/div><\/div><div class=\"vc_item\"><div class=\"vc_inner\"><img loading=\"lazy\" decoding=\"async\" width=\"330\" height=\"440\" src=\"https:\/\/persocustom.com\/wp-content\/uploads\/2020\/05\/Collier-avis-8-330x440.jpg\" class=\"attachment-large\" alt=\"\" \/><\/div><\/div><div class=\"vc_item\"><div class=\"vc_inner\"><img loading=\"lazy\" decoding=\"async\" width=\"330\" height=\"440\" src=\"https:\/\/persocustom.com\/wp-content\/uploads\/2020\/05\/Collier-avis-10-330x440.jpg\" class=\"attachment-large\" alt=\"\" \/><\/div><\/div><div class=\"vc_item\"><div class=\"vc_inner\"><img loading=\"lazy\" decoding=\"async\" width=\"330\" height=\"440\" src=\"https:\/\/persocustom.com\/wp-content\/uploads\/2020\/05\/Collier-avis-11-330x440.jpg\" class=\"attachment-large\" alt=\"\" \/><\/div><\/div><div class=\"vc_item\"><div class=\"vc_inner\"><img loading=\"lazy\" decoding=\"async\" width=\"330\" height=\"440\" src=\"https:\/\/persocustom.com\/wp-content\/uploads\/2020\/05\/Collier-avis-13-330x440.jpg\" class=\"attachment-large\" alt=\"\" \/><\/div><\/div><div class=\"vc_item\"><div class=\"vc_inner\"><img loading=\"lazy\" decoding=\"async\" width=\"220\" height=\"440\" src=\"https:\/\/persocustom.com\/wp-content\/uploads\/2020\/05\/Collier-avis-15-220x440.jpg\" class=\"attachment-large\" alt=\"\" \/><\/div><\/div><div class=\"vc_item\"><div class=\"vc_inner\"><img loading=\"lazy\" decoding=\"async\" width=\"220\" height=\"440\" src=\"https:\/\/persocustom.com\/wp-content\/uploads\/2020\/05\/Collier-avis-16-220x440.jpg\" class=\"attachment-large\" alt=\"\" \/><\/div><\/div><div class=\"vc_item\"><div class=\"vc_inner\"><img loading=\"lazy\" decoding=\"async\" width=\"248\" height=\"440\" src=\"https:\/\/persocustom.com\/wp-content\/uploads\/2020\/05\/Collier-avis-17-248x440.jpg\" class=\"attachment-large\" alt=\"\" \/><\/div><\/div><div class=\"vc_item\"><div class=\"vc_inner\"><img loading=\"lazy\" decoding=\"async\" width=\"330\" height=\"440\" src=\"https:\/\/persocustom.com\/wp-content\/uploads\/2020\/05\/ae01.alicdn.comkfUa98d78c23312450388d3be8a2eb004ebz-330x440.jpg\" class=\"attachment-large\" alt=\"\" \/><\/div><\/div><\/div><\/div><\/div><a class=\"vc_left vc_carousel-control\" href=\"#vc_images-carousel-1-1776382291\" data-slide=\"prev\"><span class=\"icon-prev\"><\/span><\/a><a class=\"vc_right vc_carousel-control\" href=\"#vc_images-carousel-1-1776382291\" data-slide=\"next\"><span class=\"icon-next\"><\/span><\/a><\/div><\/div><\/div><\/div><\/div><\/div><\/div><div class=\"vc_row wpb_row vc_row-fluid\"><div class=\"wpb_column vc_column_container vc_col-sm-12\"><div class=\"vc_column-inner\"><div class=\"wpb_wrapper\">\n\t<div class=\"wpb_text_column wpb_content_element\" >\n\t\t<div class=\"wpb_wrapper\">\n\t\t\t<h2>Maintenance advices<\/h2>\n<ul>\n<li>\ud83d\udc8e Avoid contact with chemicals products<\/li>\n<li>\ud83d\udc8e Taking a shower or playing sports with your necklace is to be avoided<\/li>\n<li>\ud83d\udc8e Use a microfiber cloth for maintenance and cleaning<\/li>\n<li>\ud83d\udc8e Do not sleep with a jewel<\/li>\n<\/ul>\n\n\t\t<\/div>\n\t<\/div>\n<\/div><\/div><\/div><\/div>","protected":false},"excerpt":{"rendered":"<p><b>\ud83c\udf81 &quot;MyLoveTree&quot; <\/b>: the necklace with customizable names.<\/p>\n<p>\ud83d\ude0d Offer a unique gift, with this personalized necklace and its pendant displaying the people you love the most.<\/p>\n<p>\ud83d\udc8c You can <strong>add up to 4 names (10 letters maximum)<\/strong>, as well as choose the finish color: gold, rose gold or silver.<\/p>\n<p>\ud83d\udee0 Manufacturing on demand, for an <strong>unique gift, which we keep it as a souvenir, for life<\/strong> !<\/p>\n<hr \/>\n<h3 style=\"text-align: center;\">Special pack offer<\/h3>\n<h4 style=\"text-align: center;\"><span style=\"color: #ff0000;\">1 x<\/span> necklace <span style=\"color: #ff0000;\">39 \u20ac<\/span><\/h4>\n<h4 style=\"text-align: center;\"><span style=\"color: #ff0000;\">2 x<\/span> necklaces <del>78 \u20ac<\/del> <span style=\"color: #ff0000;\"><strong>59 \u20ac<\/strong><\/span><\/h4>\n<h4 style=\"text-align: center;\"><span style=\"color: #ff0000;\">3 x<\/span> necklaces <del>117 \u20ac<\/del> <span style=\"color: #ff0000;\"><strong>89 \u20ac<\/strong><\/span><\/h4>","protected":false},"featured_media":8375,"comment_status":"closed","ping_status":"closed","template":"","meta":[],"product_brand":[],"product_cat":[15],"product_tag":[],"class_list":{"0":"post-8376","1":"product","2":"type-product","3":"status-publish","4":"has-post-thumbnail","6":"product_cat-non-classe","7":"wcpa_has_options","10":"instock","11":"sale","12":"shipping-taxable","13":"purchasable","14":"product-type-variable"},"yoast_head":"<!-- This site is optimized with the Yoast SEO plugin v27.3 - https:\/\/yoast.com\/product\/yoast-seo-wordpress\/ -->\n<title>Collier personnalis\u00e9 pr\u00e9noms noms - Cadeau saint-valentin, anniversaire<\/title>\n<meta name=\"description\" content=\"Collier personnalis\u00e9 avec un arbre de la vie, personnalisable jusqu&#039;\u00e0 5 pr\u00e9noms. En Or, argent ou or rose. Cadeau de mariage, naissance, amiti\u00e9, EVJ\" \/>\n<meta name=\"robots\" content=\"index, follow, max-snippet:-1, max-image-preview:large, max-video-preview:-1\" \/>\n<link rel=\"canonical\" href=\"https:\/\/persocustom.com\/en\/product\/collier-personnalise-mylovetree\/\" \/>\n<meta property=\"og:locale\" content=\"en_US\" \/>\n<meta property=\"og:type\" content=\"article\" \/>\n<meta property=\"og:title\" content=\"Collier personnalis\u00e9 pr\u00e9noms noms - Cadeau saint-valentin, anniversaire\" \/>\n<meta property=\"og:description\" content=\"Collier personnalis\u00e9 avec un arbre de la vie, personnalisable jusqu&#039;\u00e0 5 pr\u00e9noms. En Or, argent ou or rose. Cadeau de mariage, naissance, amiti\u00e9, EVJ\" \/>\n<meta property=\"og:url\" content=\"https:\/\/persocustom.com\/en\/product\/collier-personnalise-mylovetree\/\" \/>\n<meta property=\"og:site_name\" content=\"Cadeau personnalis\u00e9\" \/>\n<meta property=\"article:modified_time\" content=\"2020-05-09T16:04:44+00:00\" \/>\n<meta property=\"og:image\" content=\"https:\/\/persocustom.com\/wp-content\/uploads\/2020\/05\/collier-par-4.jpg\" \/>\n\t<meta property=\"og:image:width\" content=\"2000\" \/>\n\t<meta property=\"og:image:height\" content=\"2000\" \/>\n\t<meta property=\"og:image:type\" content=\"image\/jpeg\" \/>\n<meta name=\"twitter:card\" content=\"summary_large_image\" \/>\n<meta name=\"twitter:label1\" content=\"Est. reading time\" \/>\n\t<meta name=\"twitter:data1\" content=\"2 minutes\" \/>\n<script type=\"application\/ld+json\" class=\"yoast-schema-graph\">{\"@context\":\"https:\\\/\\\/schema.org\",\"@graph\":[{\"@type\":\"WebPage\",\"@id\":\"https:\\\/\\\/persocustom.com\\\/produit\\\/collier-personnalise-mylovetree\\\/\",\"url\":\"https:\\\/\\\/persocustom.com\\\/produit\\\/collier-personnalise-mylovetree\\\/\",\"name\":\"Collier personnalis\u00e9 pr\u00e9noms noms - Cadeau saint-valentin, anniversaire\",\"isPartOf\":{\"@id\":\"https:\\\/\\\/persocustom.com\\\/#website\"},\"primaryImageOfPage\":{\"@id\":\"https:\\\/\\\/persocustom.com\\\/produit\\\/collier-personnalise-mylovetree\\\/#primaryimage\"},\"image\":{\"@id\":\"https:\\\/\\\/persocustom.com\\\/produit\\\/collier-personnalise-mylovetree\\\/#primaryimage\"},\"thumbnailUrl\":\"https:\\\/\\\/persocustom.com\\\/wp-content\\\/uploads\\\/2020\\\/05\\\/collier-par-4.jpg\",\"datePublished\":\"2020-05-07T23:39:21+00:00\",\"dateModified\":\"2020-05-09T16:04:44+00:00\",\"description\":\"Collier personnalis\u00e9 avec un arbre de la vie, personnalisable jusqu'\u00e0 5 pr\u00e9noms. En Or, argent ou or rose. Cadeau de mariage, naissance, amiti\u00e9, EVJ\",\"breadcrumb\":{\"@id\":\"https:\\\/\\\/persocustom.com\\\/produit\\\/collier-personnalise-mylovetree\\\/#breadcrumb\"},\"inLanguage\":\"en-US\",\"potentialAction\":[{\"@type\":\"ReadAction\",\"target\":[\"https:\\\/\\\/persocustom.com\\\/produit\\\/collier-personnalise-mylovetree\\\/\"]}]},{\"@type\":\"ImageObject\",\"inLanguage\":\"en-US\",\"@id\":\"https:\\\/\\\/persocustom.com\\\/produit\\\/collier-personnalise-mylovetree\\\/#primaryimage\",\"url\":\"https:\\\/\\\/persocustom.com\\\/wp-content\\\/uploads\\\/2020\\\/05\\\/collier-par-4.jpg\",\"contentUrl\":\"https:\\\/\\\/persocustom.com\\\/wp-content\\\/uploads\\\/2020\\\/05\\\/collier-par-4.jpg\",\"width\":2000,\"height\":2000,\"caption\":\"\\\"MyLoveTree\\\" - Le collier d'amour personnalis\u00e9\"},{\"@type\":\"BreadcrumbList\",\"@id\":\"https:\\\/\\\/persocustom.com\\\/produit\\\/collier-personnalise-mylovetree\\\/#breadcrumb\",\"itemListElement\":[{\"@type\":\"ListItem\",\"position\":1,\"name\":\"Accueil\",\"item\":\"https:\\\/\\\/persocustom.com\\\/\"},{\"@type\":\"ListItem\",\"position\":2,\"name\":\"Nos produits\",\"item\":\"https:\\\/\\\/persocustom.com\\\/shop-2\\\/\"},{\"@type\":\"ListItem\",\"position\":3,\"name\":\"Collier d&rsquo;amour personnalis\u00e9 \u00ab\u00a0MyLoveTree\u00a0\u00bb\"}]},{\"@type\":\"WebSite\",\"@id\":\"https:\\\/\\\/persocustom.com\\\/#website\",\"url\":\"https:\\\/\\\/persocustom.com\\\/\",\"name\":\"Cadeau personnalis\u00e9\",\"description\":\"Offrez des cadeaux souvenirs uniques\",\"potentialAction\":[{\"@type\":\"SearchAction\",\"target\":{\"@type\":\"EntryPoint\",\"urlTemplate\":\"https:\\\/\\\/persocustom.com\\\/?s={search_term_string}\"},\"query-input\":{\"@type\":\"PropertyValueSpecification\",\"valueRequired\":true,\"valueName\":\"search_term_string\"}}],\"inLanguage\":\"en-US\"}]}<\/script>\n<!-- \/ Yoast SEO plugin. -->","yoast_head_json":{"title":"Collier personnalis\u00e9 pr\u00e9noms noms - Cadeau saint-valentin, anniversaire","description":"Collier personnalis\u00e9 avec un arbre de la vie, personnalisable jusqu'\u00e0 5 pr\u00e9noms. En Or, argent ou or rose. Cadeau de mariage, naissance, amiti\u00e9, EVJ","robots":{"index":"index","follow":"follow","max-snippet":"max-snippet:-1","max-image-preview":"max-image-preview:large","max-video-preview":"max-video-preview:-1"},"canonical":"https:\/\/persocustom.com\/en\/product\/collier-personnalise-mylovetree\/","og_locale":"en_US","og_type":"article","og_title":"Collier personnalis\u00e9 pr\u00e9noms noms - Cadeau saint-valentin, anniversaire","og_description":"Collier personnalis\u00e9 avec un arbre de la vie, personnalisable jusqu'\u00e0 5 pr\u00e9noms. En Or, argent ou or rose. Cadeau de mariage, naissance, amiti\u00e9, EVJ","og_url":"https:\/\/persocustom.com\/en\/product\/collier-personnalise-mylovetree\/","og_site_name":"Cadeau personnalis\u00e9","article_modified_time":"2020-05-09T16:04:44+00:00","og_image":[{"width":2000,"height":2000,"url":"https:\/\/persocustom.com\/wp-content\/uploads\/2020\/05\/collier-par-4.jpg","type":"image\/jpeg"}],"twitter_card":"summary_large_image","twitter_misc":{"Est. reading time":"2 minutes"},"schema":{"@context":"https:\/\/schema.org","@graph":[{"@type":"WebPage","@id":"https:\/\/persocustom.com\/produit\/collier-personnalise-mylovetree\/","url":"https:\/\/persocustom.com\/produit\/collier-personnalise-mylovetree\/","name":"Collier personnalis\u00e9 pr\u00e9noms noms - Cadeau saint-valentin, anniversaire","isPartOf":{"@id":"https:\/\/persocustom.com\/#website"},"primaryImageOfPage":{"@id":"https:\/\/persocustom.com\/produit\/collier-personnalise-mylovetree\/#primaryimage"},"image":{"@id":"https:\/\/persocustom.com\/produit\/collier-personnalise-mylovetree\/#primaryimage"},"thumbnailUrl":"https:\/\/persocustom.com\/wp-content\/uploads\/2020\/05\/collier-par-4.jpg","datePublished":"2020-05-07T23:39:21+00:00","dateModified":"2020-05-09T16:04:44+00:00","description":"Collier personnalis\u00e9 avec un arbre de la vie, personnalisable jusqu'\u00e0 5 pr\u00e9noms. En Or, argent ou or rose. Cadeau de mariage, naissance, amiti\u00e9, EVJ","breadcrumb":{"@id":"https:\/\/persocustom.com\/produit\/collier-personnalise-mylovetree\/#breadcrumb"},"inLanguage":"en-US","potentialAction":[{"@type":"ReadAction","target":["https:\/\/persocustom.com\/produit\/collier-personnalise-mylovetree\/"]}]},{"@type":"ImageObject","inLanguage":"en-US","@id":"https:\/\/persocustom.com\/produit\/collier-personnalise-mylovetree\/#primaryimage","url":"https:\/\/persocustom.com\/wp-content\/uploads\/2020\/05\/collier-par-4.jpg","contentUrl":"https:\/\/persocustom.com\/wp-content\/uploads\/2020\/05\/collier-par-4.jpg","width":2000,"height":2000,"caption":"\"MyLoveTree\" - Le collier d'amour personnalis\u00e9"},{"@type":"BreadcrumbList","@id":"https:\/\/persocustom.com\/produit\/collier-personnalise-mylovetree\/#breadcrumb","itemListElement":[{"@type":"ListItem","position":1,"name":"Accueil","item":"https:\/\/persocustom.com\/"},{"@type":"ListItem","position":2,"name":"Nos produits","item":"https:\/\/persocustom.com\/shop-2\/"},{"@type":"ListItem","position":3,"name":"Collier d&rsquo;amour personnalis\u00e9 \u00ab\u00a0MyLoveTree\u00a0\u00bb"}]},{"@type":"WebSite","@id":"https:\/\/persocustom.com\/#website","url":"https:\/\/persocustom.com\/","name":"Cadeau personnalis\u00e9","description":"Offer unique souvenir gifts","potentialAction":[{"@type":"SearchAction","target":{"@type":"EntryPoint","urlTemplate":"https:\/\/persocustom.com\/?s={search_term_string}"},"query-input":{"@type":"PropertyValueSpecification","valueRequired":true,"valueName":"search_term_string"}}],"inLanguage":"en-US"}]}},"_links":{"self":[{"href":"https:\/\/persocustom.com\/en\/wp-json\/wp\/v2\/product\/8376","targetHints":{"allow":["GET"]}}],"collection":[{"href":"https:\/\/persocustom.com\/en\/wp-json\/wp\/v2\/product"}],"about":[{"href":"https:\/\/persocustom.com\/en\/wp-json\/wp\/v2\/types\/product"}],"replies":[{"embeddable":true,"href":"https:\/\/persocustom.com\/en\/wp-json\/wp\/v2\/comments?post=8376"}],"version-history":[{"count":0,"href":"https:\/\/persocustom.com\/en\/wp-json\/wp\/v2\/product\/8376\/revisions"}],"wp:featuredmedia":[{"embeddable":true,"href":"https:\/\/persocustom.com\/en\/wp-json\/wp\/v2\/media\/8375"}],"wp:attachment":[{"href":"https:\/\/persocustom.com\/en\/wp-json\/wp\/v2\/media?parent=8376"}],"wp:term":[{"taxonomy":"product_brand","embeddable":true,"href":"https:\/\/persocustom.com\/en\/wp-json\/wp\/v2\/product_brand?post=8376"},{"taxonomy":"product_cat","embeddable":true,"href":"https:\/\/persocustom.com\/en\/wp-json\/wp\/v2\/product_cat?post=8376"},{"taxonomy":"product_tag","embeddable":true,"href":"https:\/\/persocustom.com\/en\/wp-json\/wp\/v2\/product_tag?post=8376"}],"curies":[{"name":"wp","href":"https:\/\/api.w.org\/{rel}","templated":true}]}}