{"id":8455,"date":"2020-05-09T16:21:04","date_gmt":"2020-05-09T14:21:04","guid":{"rendered":"https:\/\/persocustom.com\/?post_type=product&#038;p=8455"},"modified":"2020-05-09T18:42:55","modified_gmt":"2020-05-09T16:42:55","slug":"bebe-souvenir-empreinte-mybabyfootprint","status":"publish","type":"product","link":"https:\/\/persocustom.com\/en\/product\/bebe-souvenir-empreinte-mybabyfootprint\/","title":{"rendered":"Baby souvenir - Footprint - &quot;MyBabyFootprint&quot;"},"content":{"rendered":"<div class=\"vc_row wpb_row vc_row-fluid\"><div class=\"wpb_column vc_column_container vc_col-sm-6\"><div class=\"vc_column-inner\"><div class=\"wpb_wrapper\">\n\t<div class=\"wpb_text_column wpb_content_element\" >\n\t\t<div class=\"wpb_wrapper\">\n\t\t\t<h2>Features of our kit<\/h2>\n<ul>\n<li>Gift box <strong>of your baby's footprints<\/strong>, round shape with diameter 20 cm<\/li>\n<li>Two colors available: <strong>BLUE<\/strong> or <strong>PINK<\/strong><\/li>\n<li>Suitable for <strong>babies between 0 and 3 years old<\/strong><\/li>\n<li>Natural ingredients, copolymers, glycerin, food grade pigments. <strong>Non-toxic and odorless<\/strong>.<\/li>\n<li>Fine and soft, not sticky, no discoloration, no cracking<\/li>\n<li>Included with <strong>decoration accessories kit<\/strong><\/li>\n<\/ul>\n\n\t\t<\/div>\n\t<\/div>\n<\/div><\/div><\/div><div class=\"wpb_column vc_column_container vc_col-sm-6\"><div class=\"vc_column-inner\"><div class=\"wpb_wrapper\">\n\t<div class=\"wpb_text_column wpb_content_element\" >\n\t\t<div class=\"wpb_wrapper\">\n\t\t\t<h2>&quot;MyBabyFootprint&quot;<\/h2>\n<ul>\n<li>\ud83c\udf81 The <strong>ideal gift<\/strong> : it is a unique product. You can offer it to yourself, or offer it to a new parent.<\/li>\n<li>\ud83d\udc8c This is a gift that you could keep for all your life, as a souvenir.<\/li>\n<li>\ud83d\udd24 <strong>Full customization<\/strong> : you can choose between 2 colors, and then personalize your box. A <strong>decoration accessories kit<\/strong> is provided. You can use them or add your own decoration accessories. You can also paint the footprint in gold (painting provided) or leave the footprint in natural color.<\/li>\n<li>\ud83c\udf0f You can <strong>write your child's name, date of birth<\/strong>, etc.<\/li>\n<li>\ud83c\udfa8 Share a souvenir moment with your child by making this unique souvenir yourself!<\/li>\n<\/ul>\n\n\t\t<\/div>\n\t<\/div>\n<\/div><\/div><\/div><\/div><div class=\"vc_row wpb_row vc_row-fluid\"><div class=\"wpb_column vc_column_container vc_col-sm-12\"><div class=\"vc_column-inner\"><div class=\"wpb_wrapper\"><div class=\"vc_row wpb_row vc_inner vc_row-fluid\"><div class=\"wpb_column vc_column_container vc_col-sm-6\"><div class=\"vc_column-inner\"><div class=\"wpb_wrapper\"><div class=\"wpb_gallery wpb_content_element vc_clearfix\" ><div class=\"wpb_wrapper\"><div class=\"wpb_gallery_slides wpb_flexslider flexslider_fade flexslider\" data-interval=\"3\" data-flex_fx=\"fade\"><ul class=\"slides\"><li><img fetchpriority=\"high\" decoding=\"async\" width=\"440\" height=\"440\" src=\"https:\/\/persocustom.com\/wp-content\/uploads\/2020\/05\/Mybabyfootprint-BLEU-2-440x440.jpg\" class=\"attachment-large\" alt=\"\" \/><\/li><li><img decoding=\"async\" width=\"440\" height=\"440\" src=\"https:\/\/persocustom.com\/wp-content\/uploads\/2020\/05\/Mybabyfootprint-BLEU-1-440x440.jpg\" class=\"attachment-large\" alt=\"\" \/><\/li><\/ul><\/div><\/div><\/div>\n\t<div class=\"wpb_text_column wpb_content_element\" >\n\t\t<div class=\"wpb_wrapper\">\n\t\t\t<p>Color model <strong>blue<\/strong>.<\/p>\n<p>Golden imprint (paint provided) or natural color : it's up to your choice !<\/p>\n\n\t\t<\/div>\n\t<\/div>\n<\/div><\/div><\/div><div class=\"wpb_column vc_column_container vc_col-sm-6\"><div class=\"vc_column-inner\"><div class=\"wpb_wrapper\"><div class=\"wpb_gallery wpb_content_element vc_clearfix\" ><div class=\"wpb_wrapper\"><div class=\"wpb_gallery_slides wpb_flexslider flexslider_fade flexslider\" data-interval=\"3\" data-flex_fx=\"fade\"><ul class=\"slides\"><li><img decoding=\"async\" width=\"440\" height=\"440\" src=\"https:\/\/persocustom.com\/wp-content\/uploads\/2020\/05\/Mybabyfootprint-ROSE-1-440x440.jpg\" class=\"attachment-large\" alt=\"\" \/><\/li><li><img loading=\"lazy\" decoding=\"async\" width=\"440\" height=\"440\" src=\"https:\/\/persocustom.com\/wp-content\/uploads\/2020\/05\/Mybabyfootprint-ROSE-2-440x440.jpg\" class=\"attachment-large\" alt=\"\" \/><\/li><\/ul><\/div><\/div><\/div>\n\t<div class=\"wpb_text_column wpb_content_element\" >\n\t\t<div class=\"wpb_wrapper\">\n\t\t\t<p>Color model <strong>pink<\/strong>.<\/p>\n<p>Golden imprint (paint provided) or natural color : it's up to your choice !<\/p>\n\n\t\t<\/div>\n\t<\/div>\n<\/div><\/div><\/div><\/div><\/div><\/div><\/div><\/div><div class=\"vc_row wpb_row vc_row-fluid\"><div class=\"wpb_column vc_column_container vc_col-sm-12\"><div class=\"vc_column-inner\"><div class=\"wpb_wrapper\"><div class=\"vc_row wpb_row vc_inner vc_row-fluid\"><div class=\"wpb_column vc_column_container vc_col-sm-6\"><div class=\"vc_column-inner\"><div class=\"wpb_wrapper\"><div class=\"wpb_gallery wpb_content_element vc_clearfix\" ><div class=\"wpb_wrapper\"><div class=\"wpb_gallery_slides wpb_flexslider flexslider_fade flexslider\" data-interval=\"3\" data-flex_fx=\"fade\"><ul class=\"slides\"><li><img loading=\"lazy\" decoding=\"async\" width=\"440\" height=\"440\" src=\"https:\/\/persocustom.com\/wp-content\/uploads\/2020\/05\/Caract\u00e9ristisques-440x440.jpg\" class=\"attachment-large\" alt=\"\" \/><\/li><li><img loading=\"lazy\" decoding=\"async\" width=\"601\" height=\"440\" src=\"https:\/\/persocustom.com\/wp-content\/uploads\/2020\/05\/Caract\u00e9ristiques-1-601x440.jpg\" class=\"attachment-large\" alt=\"\" \/><\/li><\/ul><\/div><\/div><\/div>\n\t<div class=\"wpb_text_column wpb_content_element\" >\n\t\t<div class=\"wpb_wrapper\">\n\t\t\t<p>Non-toxic, odorless.<\/p>\n<p>Soft texture, for a <strong>simple and safe use<\/strong> !<\/p>\n\n\t\t<\/div>\n\t<\/div>\n<\/div><\/div><\/div><div class=\"wpb_column vc_column_container vc_col-sm-6\"><div class=\"vc_column-inner\"><div class=\"wpb_wrapper\"><div class=\"wpb_gallery wpb_content_element vc_clearfix\" ><div class=\"wpb_wrapper\"><div class=\"wpb_gallery_slides wpb_flexslider flexslider_fade flexslider\" data-interval=\"3\" data-flex_fx=\"fade\"><ul class=\"slides\"><li><img loading=\"lazy\" decoding=\"async\" width=\"440\" height=\"440\" src=\"https:\/\/persocustom.com\/wp-content\/uploads\/2020\/05\/Mode-demploi-440x440.jpg\" class=\"attachment-large\" alt=\"\" \/><\/li><li><img loading=\"lazy\" decoding=\"async\" width=\"440\" height=\"440\" src=\"https:\/\/persocustom.com\/wp-content\/uploads\/2020\/05\/Mode-demploi-2-440x440.jpg\" class=\"attachment-large\" alt=\"\" \/><\/li><\/ul><\/div><\/div><\/div>\n\t<div class=\"wpb_text_column wpb_content_element\" >\n\t\t<div class=\"wpb_wrapper\">\n\t\t\t<p>Great <strong>activity to share with your child<\/strong>.<\/p>\n<p>You can make your own souvenir quickly, without any difficulty:<\/p>\n<p>1- Pinch printing mud : continue to pinch the mud for about 2 minutes to make it soft and delicate, and then, squeeze the ink into a shperical shape with no grain<br \/>\n2- Press inkpad : press slowly with the palm of your hand until the ink is close to the shape of the tin-box, and place it in the iron box. Press slowly with the palm of your hand to make the inkpad flat in the iron box.<br \/>\n3- Hand and foot printing : place the baby's hand or foot on the ink pad, press a little for 5 secondes, and then, leave to ensure that the mark is clearly printed. If you are not satisfied, please repeat the operation<br \/>\n4- Add decorations, texts, etc. to personalize your memory as much as possible. Then, put the ink in a cool dry place and let it dry slowly. It takes about half a month to dry.<\/p>\n\n\t\t<\/div>\n\t<\/div>\n<\/div><\/div><\/div><\/div><\/div><\/div><\/div><\/div><div class=\"vc_row wpb_row vc_row-fluid\"><div class=\"wpb_column vc_column_container vc_col-sm-12\"><div class=\"vc_column-inner\"><div class=\"wpb_wrapper\">\n\t<div class=\"wpb_text_column wpb_content_element\" >\n\t\t<div class=\"wpb_wrapper\">\n\t\t\t<h3>Customer photos \u2b50\u2b50\u2b50\u2b50\u2b50<\/h3>\n\n\t\t<\/div>\n\t<\/div>\n<div class=\"wpb_gallery wpb_content_element vc_clearfix\" ><div class=\"wpb_wrapper\"><div class=\"wpb_gallery_slides wpb_flexslider flexslider_slide flexslider\" data-interval=\"3\" data-flex_fx=\"slide\"><ul class=\"slides\"><li><img loading=\"lazy\" decoding=\"async\" width=\"405\" height=\"270\" src=\"https:\/\/persocustom.com\/wp-content\/uploads\/2020\/05\/MyBabyFootprint-client-28-405x270.jpg\" class=\"attachment-thumbnail\" alt=\"\" \/><\/li><li><img loading=\"lazy\" decoding=\"async\" width=\"405\" height=\"270\" src=\"https:\/\/persocustom.com\/wp-content\/uploads\/2020\/05\/MyBabyFootprint-client-19-405x270.jpg\" class=\"attachment-thumbnail\" alt=\"\" \/><\/li><li><img loading=\"lazy\" decoding=\"async\" width=\"378\" height=\"270\" src=\"https:\/\/persocustom.com\/wp-content\/uploads\/2020\/05\/MyBabyFootprint-client-18-378x270.jpg\" class=\"attachment-thumbnail\" alt=\"\" \/><\/li><li><img loading=\"lazy\" decoding=\"async\" width=\"405\" height=\"270\" src=\"https:\/\/persocustom.com\/wp-content\/uploads\/2020\/05\/MyBabyFootprint-client-17-405x270.jpg\" class=\"attachment-thumbnail\" alt=\"\" \/><\/li><li><img loading=\"lazy\" decoding=\"async\" width=\"405\" height=\"270\" src=\"https:\/\/persocustom.com\/wp-content\/uploads\/2020\/05\/MyBabyFootprint-client-16-405x270.jpg\" class=\"attachment-thumbnail\" alt=\"\" \/><\/li><li><img loading=\"lazy\" decoding=\"async\" width=\"405\" height=\"270\" src=\"https:\/\/persocustom.com\/wp-content\/uploads\/2020\/05\/MyBabyFootprint-client-12-405x270.jpg\" class=\"attachment-thumbnail\" alt=\"\" \/><\/li><li><img loading=\"lazy\" decoding=\"async\" width=\"405\" height=\"270\" src=\"https:\/\/persocustom.com\/wp-content\/uploads\/2020\/05\/MyBabyFootprint-client-11-405x270.jpg\" class=\"attachment-thumbnail\" alt=\"\" \/><\/li><li><img loading=\"lazy\" decoding=\"async\" width=\"405\" height=\"270\" src=\"https:\/\/persocustom.com\/wp-content\/uploads\/2020\/05\/MyBabyFootprint-client-9-405x270.jpg\" class=\"attachment-thumbnail\" alt=\"\" \/><\/li><li><img loading=\"lazy\" decoding=\"async\" width=\"245\" height=\"270\" src=\"https:\/\/persocustom.com\/wp-content\/uploads\/2020\/05\/MyBabyFootprint-client-8-245x270.jpg\" class=\"attachment-thumbnail\" alt=\"\" \/><\/li><li><img loading=\"lazy\" decoding=\"async\" width=\"360\" height=\"270\" src=\"https:\/\/persocustom.com\/wp-content\/uploads\/2020\/05\/MyBabyFootprint-client-7-360x270.jpg\" class=\"attachment-thumbnail\" alt=\"\" \/><\/li><li><img loading=\"lazy\" decoding=\"async\" width=\"405\" height=\"270\" src=\"https:\/\/persocustom.com\/wp-content\/uploads\/2020\/05\/MyBabyFootprint-client-5-405x270.jpg\" class=\"attachment-thumbnail\" alt=\"\" \/><\/li><li><img loading=\"lazy\" decoding=\"async\" width=\"405\" height=\"270\" src=\"https:\/\/persocustom.com\/wp-content\/uploads\/2020\/05\/MyBabyFootprint-client-4-405x270.jpg\" class=\"attachment-thumbnail\" alt=\"\" \/><\/li><li><img loading=\"lazy\" decoding=\"async\" width=\"405\" height=\"270\" src=\"https:\/\/persocustom.com\/wp-content\/uploads\/2020\/05\/MyBabyFootprint-client-3-405x270.jpg\" class=\"attachment-thumbnail\" alt=\"\" \/><\/li><li><img loading=\"lazy\" decoding=\"async\" width=\"405\" height=\"270\" src=\"https:\/\/persocustom.com\/wp-content\/uploads\/2020\/05\/MyBabyFootprint-client-2-405x270.jpg\" class=\"attachment-thumbnail\" alt=\"\" \/><\/li><li><img loading=\"lazy\" decoding=\"async\" width=\"405\" height=\"270\" src=\"https:\/\/persocustom.com\/wp-content\/uploads\/2020\/05\/MyBabyFootprint-client-1-405x270.jpg\" class=\"attachment-thumbnail\" alt=\"\" \/><\/li><li><img loading=\"lazy\" decoding=\"async\" width=\"405\" height=\"270\" src=\"https:\/\/persocustom.com\/wp-content\/uploads\/2020\/05\/MyBabyFootprint-client-29-405x270.jpg\" class=\"attachment-thumbnail\" alt=\"\" \/><\/li><li><img loading=\"lazy\" decoding=\"async\" width=\"405\" height=\"270\" src=\"https:\/\/persocustom.com\/wp-content\/uploads\/2020\/05\/MyBabyFootprint-client-27-405x270.jpg\" class=\"attachment-thumbnail\" alt=\"\" \/><\/li><li><img loading=\"lazy\" decoding=\"async\" width=\"378\" height=\"270\" src=\"https:\/\/persocustom.com\/wp-content\/uploads\/2020\/05\/MyBabyFootprint-client-26-378x270.jpg\" class=\"attachment-thumbnail\" alt=\"\" \/><\/li><li><img loading=\"lazy\" decoding=\"async\" width=\"375\" height=\"270\" src=\"https:\/\/persocustom.com\/wp-content\/uploads\/2020\/05\/MyBabyFootprint-client-24-375x270.jpg\" class=\"attachment-thumbnail\" alt=\"\" \/><\/li><li><img loading=\"lazy\" decoding=\"async\" width=\"405\" height=\"270\" src=\"https:\/\/persocustom.com\/wp-content\/uploads\/2020\/05\/MyBabyFootprint-client-23-405x270.jpg\" class=\"attachment-thumbnail\" alt=\"\" \/><\/li><li><img loading=\"lazy\" decoding=\"async\" width=\"405\" height=\"270\" src=\"https:\/\/persocustom.com\/wp-content\/uploads\/2020\/05\/MyBabyFootprint-client-22-405x270.jpg\" class=\"attachment-thumbnail\" alt=\"\" \/><\/li><li><img loading=\"lazy\" decoding=\"async\" width=\"405\" height=\"270\" src=\"https:\/\/persocustom.com\/wp-content\/uploads\/2020\/05\/MyBabyFootprint-client-21-405x270.jpg\" class=\"attachment-thumbnail\" alt=\"\" \/><\/li><\/ul><\/div><\/div><\/div><\/div><\/div><\/div><\/div><div class=\"vc_row wpb_row vc_row-fluid\"><div class=\"wpb_column vc_column_container vc_col-sm-12\"><div class=\"vc_column-inner\"><div class=\"wpb_wrapper\">\n\t<div class=\"wpb_text_column wpb_content_element\" >\n\t\t<div class=\"wpb_wrapper\">\n\t\t\t<h2>Usage tips<\/h2>\n<ul>\n<li>\ud83d\udc76 Mix the impression paste for at least 2 minutes to make it flexible<\/li>\n<li>\ud83d\udc76 Perform all steps in a room at medium temperature (not too hot, not too cold)<\/li>\n<li>\ud83d\udc76 Remember to have clean hands and clean work tools<\/li>\n<li>\ud83d\udc76 You are not obliged to use all the decoration elements provided: you can not paint, and \/ or not overload your creation with too many decorations<\/li>\n<li>\ud83d\udc76 Play with your imagination: you can for example write his first name, his date of birth, etc!<\/li>\n<li>\ud83d\udc76 Keep the box in a dry place and let it dry. It takes about 15 days.<\/li>\n<\/ul>\n\n\t\t<\/div>\n\t<\/div>\n<\/div><\/div><\/div><\/div>","protected":false},"excerpt":{"rendered":"<p><b>\ud83c\udf81 &quot;MyBabyFootprint&quot; <\/b>: the memory box of your adored baby.<\/p>\n<p>\ud83d\ude0d Offer a unique gift, with this box which <strong>keep your baby&#039;s foot and \/ or hand prints<\/strong>.<\/p>\n<p>\ud83d\udc8c You can personalize the decoration, the name, and add other messages.<\/p>\n<p>\ud83c\udfa8 <strong>Two colors available<\/strong> : blue or pink<\/p>\n<p>\ud83d\udc76 Suitable for babies from 0 to 3 years old<\/p>\n<p>\ud83d\udee0 Offer this <strong>unique gift, which we keep it as a souvenir, for life<\/strong> !<\/p>","protected":false},"featured_media":8495,"comment_status":"closed","ping_status":"closed","template":"","meta":[],"product_brand":[],"product_cat":[15],"product_tag":[],"class_list":{"0":"post-8455","1":"product","2":"type-product","3":"status-publish","4":"has-post-thumbnail","6":"product_cat-non-classe","9":"instock","10":"shipping-taxable","11":"purchasable","12":"product-type-variable"},"yoast_head":"<!-- This site is optimized with the Yoast SEO plugin v27.3 - https:\/\/yoast.com\/product\/yoast-seo-wordpress\/ -->\n<title>Empreinte pied main b\u00e9b\u00e9 - Cadeau souvenir b\u00e9b\u00e9 \/ nouveau-n\u00e9<\/title>\n<meta name=\"description\" content=\"Joli cadeau personnalis\u00e9 : bo\u00eete \u00e0 empreinte pour b\u00e9b\u00e9. Souvenir qu&#039;on converse \u00e0 vie. Id\u00e9al pour les cadeaux de naissance \/ nouveau n\u00e9.\" \/>\n<meta name=\"robots\" content=\"index, follow, max-snippet:-1, max-image-preview:large, max-video-preview:-1\" \/>\n<link rel=\"canonical\" href=\"https:\/\/persocustom.com\/en\/product\/bebe-souvenir-empreinte-mybabyfootprint\/\" \/>\n<meta property=\"og:locale\" content=\"en_US\" \/>\n<meta property=\"og:type\" content=\"article\" \/>\n<meta property=\"og:title\" content=\"Empreinte pied main b\u00e9b\u00e9 - Cadeau souvenir b\u00e9b\u00e9 \/ nouveau-n\u00e9\" \/>\n<meta property=\"og:description\" content=\"Joli cadeau personnalis\u00e9 : bo\u00eete \u00e0 empreinte pour b\u00e9b\u00e9. Souvenir qu&#039;on converse \u00e0 vie. Id\u00e9al pour les cadeaux de naissance \/ nouveau n\u00e9.\" \/>\n<meta property=\"og:url\" content=\"https:\/\/persocustom.com\/en\/product\/bebe-souvenir-empreinte-mybabyfootprint\/\" \/>\n<meta property=\"og:site_name\" content=\"Cadeau personnalis\u00e9\" \/>\n<meta property=\"article:modified_time\" content=\"2020-05-09T16:42:55+00:00\" \/>\n<meta property=\"og:image\" content=\"https:\/\/persocustom.com\/wp-content\/uploads\/2020\/05\/Mybabyfootprint-ROSE-1.jpg\" \/>\n\t<meta property=\"og:image:width\" content=\"800\" \/>\n\t<meta property=\"og:image:height\" content=\"800\" \/>\n\t<meta property=\"og:image:type\" content=\"image\/jpeg\" \/>\n<meta name=\"twitter:card\" content=\"summary_large_image\" \/>\n<meta name=\"twitter:label1\" content=\"Est. reading time\" \/>\n\t<meta name=\"twitter:data1\" content=\"3 minutes\" \/>\n<script type=\"application\/ld+json\" class=\"yoast-schema-graph\">{\"@context\":\"https:\\\/\\\/schema.org\",\"@graph\":[{\"@type\":\"WebPage\",\"@id\":\"https:\\\/\\\/persocustom.com\\\/en\\\/product\\\/bebe-souvenir-empreinte-mybabyfootprint\\\/\",\"url\":\"https:\\\/\\\/persocustom.com\\\/en\\\/product\\\/bebe-souvenir-empreinte-mybabyfootprint\\\/\",\"name\":\"Empreinte pied main b\u00e9b\u00e9 - Cadeau souvenir b\u00e9b\u00e9 \\\/ nouveau-n\u00e9\",\"isPartOf\":{\"@id\":\"https:\\\/\\\/persocustom.com\\\/#website\"},\"primaryImageOfPage\":{\"@id\":\"https:\\\/\\\/persocustom.com\\\/en\\\/product\\\/bebe-souvenir-empreinte-mybabyfootprint\\\/#primaryimage\"},\"image\":{\"@id\":\"https:\\\/\\\/persocustom.com\\\/en\\\/product\\\/bebe-souvenir-empreinte-mybabyfootprint\\\/#primaryimage\"},\"thumbnailUrl\":\"https:\\\/\\\/persocustom.com\\\/wp-content\\\/uploads\\\/2020\\\/05\\\/Mybabyfootprint-ROSE-1.jpg\",\"datePublished\":\"2020-05-09T14:21:04+00:00\",\"dateModified\":\"2020-05-09T16:42:55+00:00\",\"description\":\"Joli cadeau personnalis\u00e9 : bo\u00eete \u00e0 empreinte pour b\u00e9b\u00e9. Souvenir qu'on converse \u00e0 vie. Id\u00e9al pour les cadeaux de naissance \\\/ nouveau n\u00e9.\",\"breadcrumb\":{\"@id\":\"https:\\\/\\\/persocustom.com\\\/en\\\/product\\\/bebe-souvenir-empreinte-mybabyfootprint\\\/#breadcrumb\"},\"inLanguage\":\"en-US\",\"potentialAction\":[{\"@type\":\"ReadAction\",\"target\":[\"https:\\\/\\\/persocustom.com\\\/en\\\/product\\\/bebe-souvenir-empreinte-mybabyfootprint\\\/\"]}]},{\"@type\":\"ImageObject\",\"inLanguage\":\"en-US\",\"@id\":\"https:\\\/\\\/persocustom.com\\\/en\\\/product\\\/bebe-souvenir-empreinte-mybabyfootprint\\\/#primaryimage\",\"url\":\"https:\\\/\\\/persocustom.com\\\/wp-content\\\/uploads\\\/2020\\\/05\\\/Mybabyfootprint-ROSE-1.jpg\",\"contentUrl\":\"https:\\\/\\\/persocustom.com\\\/wp-content\\\/uploads\\\/2020\\\/05\\\/Mybabyfootprint-ROSE-1.jpg\",\"width\":800,\"height\":800},{\"@type\":\"BreadcrumbList\",\"@id\":\"https:\\\/\\\/persocustom.com\\\/en\\\/product\\\/bebe-souvenir-empreinte-mybabyfootprint\\\/#breadcrumb\",\"itemListElement\":[{\"@type\":\"ListItem\",\"position\":1,\"name\":\"Accueil\",\"item\":\"https:\\\/\\\/persocustom.com\\\/\"},{\"@type\":\"ListItem\",\"position\":2,\"name\":\"Nos produits\",\"item\":\"https:\\\/\\\/persocustom.com\\\/shop-2\\\/\"},{\"@type\":\"ListItem\",\"position\":3,\"name\":\"B\u00e9b\u00e9 souvenir &#8211; Empreinte &#8211; \u00ab\u00a0MyBabyFootprint\u00a0\u00bb\"}]},{\"@type\":\"WebSite\",\"@id\":\"https:\\\/\\\/persocustom.com\\\/#website\",\"url\":\"https:\\\/\\\/persocustom.com\\\/\",\"name\":\"Cadeau personnalis\u00e9\",\"description\":\"Offrez des cadeaux souvenirs uniques\",\"potentialAction\":[{\"@type\":\"SearchAction\",\"target\":{\"@type\":\"EntryPoint\",\"urlTemplate\":\"https:\\\/\\\/persocustom.com\\\/?s={search_term_string}\"},\"query-input\":{\"@type\":\"PropertyValueSpecification\",\"valueRequired\":true,\"valueName\":\"search_term_string\"}}],\"inLanguage\":\"en-US\"}]}<\/script>\n<!-- \/ Yoast SEO plugin. -->","yoast_head_json":{"title":"Empreinte pied main b\u00e9b\u00e9 - Cadeau souvenir b\u00e9b\u00e9 \/ nouveau-n\u00e9","description":"Joli cadeau personnalis\u00e9 : bo\u00eete \u00e0 empreinte pour b\u00e9b\u00e9. Souvenir qu'on converse \u00e0 vie. Id\u00e9al pour les cadeaux de naissance \/ nouveau n\u00e9.","robots":{"index":"index","follow":"follow","max-snippet":"max-snippet:-1","max-image-preview":"max-image-preview:large","max-video-preview":"max-video-preview:-1"},"canonical":"https:\/\/persocustom.com\/en\/product\/bebe-souvenir-empreinte-mybabyfootprint\/","og_locale":"en_US","og_type":"article","og_title":"Empreinte pied main b\u00e9b\u00e9 - Cadeau souvenir b\u00e9b\u00e9 \/ nouveau-n\u00e9","og_description":"Joli cadeau personnalis\u00e9 : bo\u00eete \u00e0 empreinte pour b\u00e9b\u00e9. Souvenir qu'on converse \u00e0 vie. Id\u00e9al pour les cadeaux de naissance \/ nouveau n\u00e9.","og_url":"https:\/\/persocustom.com\/en\/product\/bebe-souvenir-empreinte-mybabyfootprint\/","og_site_name":"Cadeau personnalis\u00e9","article_modified_time":"2020-05-09T16:42:55+00:00","og_image":[{"width":800,"height":800,"url":"https:\/\/persocustom.com\/wp-content\/uploads\/2020\/05\/Mybabyfootprint-ROSE-1.jpg","type":"image\/jpeg"}],"twitter_card":"summary_large_image","twitter_misc":{"Est. reading time":"3 minutes"},"schema":{"@context":"https:\/\/schema.org","@graph":[{"@type":"WebPage","@id":"https:\/\/persocustom.com\/en\/product\/bebe-souvenir-empreinte-mybabyfootprint\/","url":"https:\/\/persocustom.com\/en\/product\/bebe-souvenir-empreinte-mybabyfootprint\/","name":"Empreinte pied main b\u00e9b\u00e9 - Cadeau souvenir b\u00e9b\u00e9 \/ nouveau-n\u00e9","isPartOf":{"@id":"https:\/\/persocustom.com\/#website"},"primaryImageOfPage":{"@id":"https:\/\/persocustom.com\/en\/product\/bebe-souvenir-empreinte-mybabyfootprint\/#primaryimage"},"image":{"@id":"https:\/\/persocustom.com\/en\/product\/bebe-souvenir-empreinte-mybabyfootprint\/#primaryimage"},"thumbnailUrl":"https:\/\/persocustom.com\/wp-content\/uploads\/2020\/05\/Mybabyfootprint-ROSE-1.jpg","datePublished":"2020-05-09T14:21:04+00:00","dateModified":"2020-05-09T16:42:55+00:00","description":"Joli cadeau personnalis\u00e9 : bo\u00eete \u00e0 empreinte pour b\u00e9b\u00e9. Souvenir qu'on converse \u00e0 vie. Id\u00e9al pour les cadeaux de naissance \/ nouveau n\u00e9.","breadcrumb":{"@id":"https:\/\/persocustom.com\/en\/product\/bebe-souvenir-empreinte-mybabyfootprint\/#breadcrumb"},"inLanguage":"en-US","potentialAction":[{"@type":"ReadAction","target":["https:\/\/persocustom.com\/en\/product\/bebe-souvenir-empreinte-mybabyfootprint\/"]}]},{"@type":"ImageObject","inLanguage":"en-US","@id":"https:\/\/persocustom.com\/en\/product\/bebe-souvenir-empreinte-mybabyfootprint\/#primaryimage","url":"https:\/\/persocustom.com\/wp-content\/uploads\/2020\/05\/Mybabyfootprint-ROSE-1.jpg","contentUrl":"https:\/\/persocustom.com\/wp-content\/uploads\/2020\/05\/Mybabyfootprint-ROSE-1.jpg","width":800,"height":800},{"@type":"BreadcrumbList","@id":"https:\/\/persocustom.com\/en\/product\/bebe-souvenir-empreinte-mybabyfootprint\/#breadcrumb","itemListElement":[{"@type":"ListItem","position":1,"name":"Accueil","item":"https:\/\/persocustom.com\/"},{"@type":"ListItem","position":2,"name":"Nos produits","item":"https:\/\/persocustom.com\/shop-2\/"},{"@type":"ListItem","position":3,"name":"B\u00e9b\u00e9 souvenir &#8211; Empreinte &#8211; \u00ab\u00a0MyBabyFootprint\u00a0\u00bb"}]},{"@type":"WebSite","@id":"https:\/\/persocustom.com\/#website","url":"https:\/\/persocustom.com\/","name":"Cadeau personnalis\u00e9","description":"Offer unique souvenir gifts","potentialAction":[{"@type":"SearchAction","target":{"@type":"EntryPoint","urlTemplate":"https:\/\/persocustom.com\/?s={search_term_string}"},"query-input":{"@type":"PropertyValueSpecification","valueRequired":true,"valueName":"search_term_string"}}],"inLanguage":"en-US"}]}},"_links":{"self":[{"href":"https:\/\/persocustom.com\/en\/wp-json\/wp\/v2\/product\/8455","targetHints":{"allow":["GET"]}}],"collection":[{"href":"https:\/\/persocustom.com\/en\/wp-json\/wp\/v2\/product"}],"about":[{"href":"https:\/\/persocustom.com\/en\/wp-json\/wp\/v2\/types\/product"}],"replies":[{"embeddable":true,"href":"https:\/\/persocustom.com\/en\/wp-json\/wp\/v2\/comments?post=8455"}],"version-history":[{"count":0,"href":"https:\/\/persocustom.com\/en\/wp-json\/wp\/v2\/product\/8455\/revisions"}],"wp:featuredmedia":[{"embeddable":true,"href":"https:\/\/persocustom.com\/en\/wp-json\/wp\/v2\/media\/8495"}],"wp:attachment":[{"href":"https:\/\/persocustom.com\/en\/wp-json\/wp\/v2\/media?parent=8455"}],"wp:term":[{"taxonomy":"product_brand","embeddable":true,"href":"https:\/\/persocustom.com\/en\/wp-json\/wp\/v2\/product_brand?post=8455"},{"taxonomy":"product_cat","embeddable":true,"href":"https:\/\/persocustom.com\/en\/wp-json\/wp\/v2\/product_cat?post=8455"},{"taxonomy":"product_tag","embeddable":true,"href":"https:\/\/persocustom.com\/en\/wp-json\/wp\/v2\/product_tag?post=8455"}],"curies":[{"name":"wp","href":"https:\/\/api.w.org\/{rel}","templated":true}]}}